{"id":4700,"date":"2024-10-07T16:01:49","date_gmt":"2024-10-07T13:01:49","guid":{"rendered":"https:\/\/achavalandirma.com\/?post_type=product&#038;p=4700"},"modified":"2025-09-01T19:43:37","modified_gmt":"2025-09-01T16:43:37","slug":"vrf-sistemleri","status":"publish","type":"product","link":"https:\/\/achavalandirma.com\/en\/urunlerimiz\/vrf-sistemleri\/","title":{"rendered":"VRF Sistemleri"},"content":{"rendered":"<p>VRF, De\u011fi\u015fken So\u011futucu Ak\u0131\u015fkan Debisi anlam\u0131na gelmektedir. Bir d\u0131\u015f \u00fcnite ile birden fazla i\u00e7 \u00fcnitenin kontrol edildi\u011fi klima sistemidir. Bir VRF Klima Sistemi, binan\u0131n de\u011fi\u015fen kapasite ihtiya\u00e7lar\u0131na ba\u011fl\u0131 olarak so\u011futkan\u0131n ak\u0131\u015f\u0131n\u0131 kontrol eder.<\/p>\n<p>VRF Klima Sistemi bina d\u0131\u015f\u0131nda bulunan d\u0131\u015f \u00fcnite ve bina i\u00e7indeki ya\u015fam alanlar\u0131n\u0131 so\u011futmak ve\/veya \u0131s\u0131tmak amac\u0131 ile kullan\u0131lan i\u00e7 \u00fcnitelerden olu\u015fur.<\/p>\n<p>VRF Klima Sistemlerini, klasik split klimalardan ayr\u0131lan en b\u00fcy\u00fck \u00f6zelli\u011fi; de\u011fi\u015fken gaz debisi sayesinde enerji tasarrufu ile birlikte \u00e7al\u0131\u015f\u0131p kullan\u0131c\u0131lar\u0131n konforunu en y\u00fcksek seviyede tutmas\u0131d\u0131r. \u00c7evreye maksimum \u00f6zen ve sayg\u0131 g\u00f6steren sistem, enerji tasarrufuna odaklanm\u0131\u015f, geli\u015fmi\u015f uygulama esnekli\u011fi sa\u011flar. \u00c7ok katl\u0131 bir plazadan, bir tek villaya kadar yeni yap\u0131lan veya mevcut her t\u00fcrl\u00fc yap\u0131da tam ba\u011f\u0131ms\u0131z kontrol imkan\u0131 sa\u011flamaktad\u0131r.<\/p>\n<p>VRF Klima Sistemleri; geli\u015fmi\u015f kontrol ve ak\u0131\u015f denetim \u00fcniteleri ile donat\u0131lm\u0131\u015ft\u0131r. Gerekti\u011fi kadar so\u011futucu ak\u0131\u015fkan, do\u011fru faz ve do\u011fru zamanda ihtiya\u00e7 duyulan yere sevk edilerek \u0131s\u0131tma ve so\u011futmada kullan\u0131lmas\u0131 sa\u011flanmaktad\u0131r.<\/p>\n<p>VRF Klima Sistemleri; al\u0131\u015f\u0131lm\u0131\u015f split klima sistemlerinden bir so\u011futucu hatt\u0131nda iste\u011fe ba\u011fl\u0131 olarak farkl\u0131 HP kapasite aral\u0131\u011f\u0131nda ki bir d\u0131\u015f \u00fcnite ve birden fazla i\u00e7 \u00fcniteye ba\u011flanabilmektedir.<\/p>\n<p>So\u011futucu ak\u0131m\u0131 inverter kontroll\u00fc bir kompres\u00f6r veya kompres\u00f6rlerle \u00e7e\u015fitlendirilerek, havas\u0131 \u015fartland\u0131r\u0131lm\u0131\u015f mekanlara g\u00f6re so\u011futucu ak\u0131\u015fkan\u0131n uyum g\u00f6stermesi sa\u011flan\u0131r. \u0130leri d\u00fczey bir kontrol sistemi \u0131s\u0131tma ve so\u011futma modlar\u0131 aras\u0131nda ge\u00e7i\u015f sa\u011flar.<\/p>\n<p>VRF Klima Sistemleri 2 farkl\u0131 sistemden \u00e7e\u015fidi vard\u0131r. Heat Recovery VRF (ayn\u0131 anda hem \u0131s\u0131tma, hem so\u011futma) Heat Pump VRF (ayn\u0131 anda sadece \u0131s\u0131tma yada sadece so\u011futma) VRF Klima Sistemleri; ofisler, al\u0131\u015fveri\u015f merkezleri, l\u00fcks apartmanlar, villalar, restoranlar, plazalar, oteller gibi birbirinden ba\u011f\u0131ms\u0131z havaland\u0131rma uygulamalar\u0131n\u0131n kullan\u0131lmas\u0131n\u0131n gerekti\u011fi yerlerde ba\u015far\u0131yla kullan\u0131l\u0131r.<\/p>\n","protected":false},"excerpt":{"rendered":"<p><strong>VRF Klima Sistemleri Nedir?<\/strong><br \/>\nVRF (Variable Refrigerant Flow) klima sistemleri, b\u00fcy\u00fck yap\u0131larda y\u00fcksek enerji verimlili\u011fi sa\u011flayan geli\u015fmi\u015f iklimlendirme \u00e7\u00f6z\u00fcmleridir. De\u011fi\u015fken so\u011futucu ak\u0131\u015fkan debisi teknolojisi ile her bir i\u00e7 \u00fcnitenin ihtiyac\u0131na g\u00f6re so\u011futucu gaz miktar\u0131 ayarlanarak, ba\u011f\u0131ms\u0131z s\u0131cakl\u0131k kontrol\u00fc sunar. Bu sistemler, ayn\u0131 anda hem so\u011futma hem de \u0131s\u0131tma yapabilme yetene\u011fi ile \u00f6ne \u00e7\u0131kar.<\/p>\n<p><strong>VRF Sistemlerinin Avantajlar\u0131 Nelerdir?<\/strong><br \/>\nY\u00fcksek Enerji Verimlili\u011fi: \u0130htiya\u00e7 duyulan enerji miktar\u0131n\u0131 optimize ederek i\u015fletme maliyetlerini d\u00fc\u015f\u00fcr\u00fcr.<br \/>\nEsnek Kullan\u0131m: Farkl\u0131 odalarda, farkl\u0131 s\u0131cakl\u0131k ihtiya\u00e7lar\u0131n\u0131 ayn\u0131 anda kar\u015f\u0131layabilir.<br \/>\nKonfor ve Kontrol: Ba\u011f\u0131ms\u0131z i\u00e7 \u00fcniteler sayesinde her oda i\u00e7in ayr\u0131 s\u0131cakl\u0131k ayar\u0131 yap\u0131labilir, bu da y\u00fcksek konfor sa\u011flar.<\/p>\n","protected":false},"featured_media":4701,"comment_status":"open","ping_status":"closed","template":"","meta":[],"product_cat":[15],"product_tag":[],"class_list":{"0":"post-4700","1":"product","2":"type-product","3":"status-publish","4":"has-post-thumbnail","6":"product_cat-genel","8":"first","9":"instock","10":"shipping-taxable","11":"product-type-simple","12":"add-to-wishlist-after_add_to_cart"},"_links":{"self":[{"href":"https:\/\/achavalandirma.com\/en\/wp-json\/wp\/v2\/product\/4700","targetHints":{"allow":["GET"]}}],"collection":[{"href":"https:\/\/achavalandirma.com\/en\/wp-json\/wp\/v2\/product"}],"about":[{"href":"https:\/\/achavalandirma.com\/en\/wp-json\/wp\/v2\/types\/product"}],"replies":[{"embeddable":true,"href":"https:\/\/achavalandirma.com\/en\/wp-json\/wp\/v2\/comments?post=4700"}],"wp:featuredmedia":[{"embeddable":true,"href":"https:\/\/achavalandirma.com\/en\/wp-json\/wp\/v2\/media\/4701"}],"wp:attachment":[{"href":"https:\/\/achavalandirma.com\/en\/wp-json\/wp\/v2\/media?parent=4700"}],"wp:term":[{"taxonomy":"product_cat","embeddable":true,"href":"https:\/\/achavalandirma.com\/en\/wp-json\/wp\/v2\/product_cat?post=4700"},{"taxonomy":"product_tag","embeddable":true,"href":"https:\/\/achavalandirma.com\/en\/wp-json\/wp\/v2\/product_tag?post=4700"}],"curies":[{"name":"wp","href":"https:\/\/api.w.org\/{rel}","templated":true}]}}