{"id":4696,"date":"2024-10-07T15:49:27","date_gmt":"2024-10-07T12:49:27","guid":{"rendered":"https:\/\/achavalandirma.com\/?post_type=product&#038;p=4696"},"modified":"2025-09-01T19:42:44","modified_gmt":"2025-09-01T16:42:44","slug":"isi-geri-kazanim-cihazlari-vam","status":"publish","type":"product","link":"https:\/\/achavalandirma.com\/en\/urunlerimiz\/isi-geri-kazanim-cihazlari-vam\/","title":{"rendered":"Is\u0131 Geri Kazan\u0131m Cihazlar\u0131 (VAM)"},"content":{"rendered":"<div data-editor-content=\"{&quot;blocks&quot;:[{&quot;key&quot;:&quot;e9f01&quot;,&quot;text&quot;:&quot;Is\u0131 geri kazan\u0131m \u00fcniteleri taze hava gereksinimi duyulan mahallerde enerji tasarrufu sa\u011flamak amac\u0131 ile kullan\u0131l\u0131rlar. \u0130\u015f merkezleri, ofisler, konutlar vb. yerlerde kullan\u0131l\u0131r. Asma tavan aras\u0131na konulabilecek y\u00fckseklikte, kolayl\u0131kla montaj ve bak\u0131m yap\u0131labilecek \u015fekilde dizayn edilmi\u015ftir. &quot;,&quot;type&quot;:&quot;unstyled&quot;,&quot;depth&quot;:0,&quot;inlineStyleRanges&quot;:[],&quot;entityRanges&quot;:[],&quot;data&quot;:{}},{&quot;key&quot;:&quot;2d8o5&quot;,&quot;text&quot;:&quot;&quot;,&quot;type&quot;:&quot;unstyled&quot;,&quot;depth&quot;:0,&quot;inlineStyleRanges&quot;:[],&quot;entityRanges&quot;:[],&quot;data&quot;:{}},{&quot;key&quot;:&quot;7d701&quot;,&quot;text&quot;:&quot;Plakal\u0131 Modeller;&quot;,&quot;type&quot;:&quot;unordered-list-item&quot;,&quot;depth&quot;:0,&quot;inlineStyleRanges&quot;:[{&quot;offset&quot;:0,&quot;length&quot;:17,&quot;style&quot;:&quot;BOLD&quot;}],&quot;entityRanges&quot;:[],&quot;data&quot;:{}},{&quot;key&quot;:&quot;819mb&quot;,&quot;text&quot;:&quot;\u0130letkenli\u011fi ve 70% verimlilikteki \u0131s\u0131 e\u015fanj\u00f6r\u00fc sayesinde, \u0131l\u0131k ve so\u011fuk hava ak\u0131mlar\u0131 aras\u0131ndaki ge\u00e7i\u015flerde, konfor \u015fartlar\u0131n\u0131 korumada yard\u0131mc\u0131 olur. Ek elektrikli \u0131s\u0131t\u0131c\u0131 ve i\u015flevsel kumanda paneli sayesinde kullan\u0131m kolayl\u0131\u011f\u0131 sa\u011flar. &quot;,&quot;type&quot;:&quot;unstyled&quot;,&quot;depth&quot;:0,&quot;inlineStyleRanges&quot;:[],&quot;entityRanges&quot;:[],&quot;data&quot;:{}},{&quot;key&quot;:&quot;d6lkm&quot;,&quot;text&quot;:&quot;&quot;,&quot;type&quot;:&quot;unstyled&quot;,&quot;depth&quot;:0,&quot;inlineStyleRanges&quot;:[],&quot;entityRanges&quot;:[],&quot;data&quot;:{}},{&quot;key&quot;:&quot;elktf&quot;,&quot;text&quot;:&quot;Is\u0131 Pompal\u0131 (DX Bataryal\u0131) Modeller;&quot;,&quot;type&quot;:&quot;unordered-list-item&quot;,&quot;depth&quot;:0,&quot;inlineStyleRanges&quot;:[{&quot;offset&quot;:0,&quot;length&quot;:36,&quot;style&quot;:&quot;BOLD&quot;}],&quot;entityRanges&quot;:[],&quot;data&quot;:{}},{&quot;key&quot;:&quot;4pb0s&quot;,&quot;text&quot;:&quot;G\u00f6vdenin i\u00e7erisine yerle\u015ftirilen \u0131s\u0131 pompas\u0131 sayesinde, havan\u0131n mevsimine g\u00f6re uygun konfor \u015fartlar\u0131n\u0131 sa\u011flayan cihazlard\u0131r. Mevcut kapal\u0131 mahallerde, havaland\u0131rma gereksinimi sa\u011flaman\u0131z i\u00e7in en uygun ve basit \u00e7\u00f6z\u00fcm\u00fc sunar.&quot;,&quot;type&quot;:&quot;unstyled&quot;,&quot;depth&quot;:0,&quot;inlineStyleRanges&quot;:[],&quot;entityRanges&quot;:[],&quot;data&quot;:{}}],&quot;entityMap&quot;:{}}\">\n<div class=\"\" data-block=\"true\" data-editor=\"dlt16\" data-offset-key=\"c1ll3-0-0\">\n<div class=\"public-DraftStyleDefault-block public-DraftStyleDefault-ltr\" data-offset-key=\"c1ll3-0-0\">\n<h3><strong>Is\u0131 Geri Kazan\u0131m Cihazlar\u0131 (VAM) Nedir?<\/strong><\/h3>\n<p>Is\u0131 geri kazan\u0131m cihazlar\u0131, enerji verimlili\u011fini art\u0131rmak amac\u0131yla tasarlanm\u0131\u015f havaland\u0131rma sistemleridir. VAM (Ventilation Air Module) olarak da bilinen bu cihazlar, binalardaki i\u00e7 hava kalitesini iyile\u015ftirirken, enerji kayb\u0131n\u0131 minimuma indirir. VAM cihazlar\u0131, havaland\u0131rma sistemlerinde bulunan egzoz havas\u0131ndaki \u0131s\u0131y\u0131 geri kazanarak taze havay\u0131 \u0131s\u0131tma veya so\u011futma amac\u0131yla kullan\u0131r.<\/p>\n<h3><strong>Is\u0131 Geri Kazan\u0131m Cihazlar\u0131 Ne \u0130\u015fe Yarar?<\/strong><\/h3>\n<p>VAM cihazlar\u0131, i\u00e7 mekanlara taze hava sa\u011flayarak, kapal\u0131 alanlardaki karbondioksit ve zararl\u0131 gazlar\u0131n d\u0131\u015far\u0131 at\u0131lmas\u0131n\u0131 sa\u011flar. Bunu yaparken, i\u00e7 mekanlarda halihaz\u0131rda bulunan s\u0131cak veya so\u011fuk havay\u0131, d\u0131\u015far\u0131ya at\u0131lan hava ile de\u011fi\u015ftirirken, enerjiyi geri kazan\u0131r. Bu, \u00f6zellikle b\u00fcy\u00fck ticari binalar ve ofislerde enerji tasarrufu a\u00e7\u0131s\u0131ndan kritik bir rol oynar. VAM cihazlar\u0131, konfor \u015fartlar\u0131n\u0131 bozmayarak havaland\u0131rma sa\u011flarken, enerji maliyetlerini \u00f6nemli \u00f6l\u00e7\u00fcde d\u00fc\u015f\u00fcr\u00fcr.<\/p>\n<h3><strong>Is\u0131 Geri Kazan\u0131m Cihazlar\u0131n\u0131n Faydalar\u0131 Nelerdir?<\/strong><\/h3>\n<ul>\n<li><strong>Enerji Tasarrufu:<\/strong> \u0130\u00e7 ve d\u0131\u015f hava s\u0131cakl\u0131k farklar\u0131n\u0131 kullanarak enerji kayb\u0131n\u0131 \u00f6nler. Bu sayede \u0131s\u0131tma ve so\u011futma maliyetlerini d\u00fc\u015f\u00fcr\u00fcr.<\/li>\n<li><strong>Daha \u0130yi Hava Kalitesi:<\/strong> S\u00fcrekli taze hava ak\u0131\u015f\u0131 sa\u011flayarak i\u00e7 mekan hava kalitesini art\u0131r\u0131r ve sa\u011fl\u0131kl\u0131 bir ortam olu\u015fturur.<\/li>\n<li><strong>Konforun Korunmas\u0131:<\/strong> \u0130\u00e7 ortam s\u0131cakl\u0131\u011f\u0131n\u0131 sabit tutarak ani s\u0131cakl\u0131k de\u011fi\u015fikliklerini \u00f6nler, bu da kullan\u0131c\u0131 konforunu art\u0131r\u0131r.<\/li>\n<li><strong>\u00c7evre Dostu \u00c7\u00f6z\u00fcm:<\/strong> Enerji verimlili\u011fi ile \u00e7evresel s\u00fcrd\u00fcr\u00fclebilirli\u011fe katk\u0131 sa\u011flar.<\/li>\n<\/ul>\n<\/div>\n<\/div>\n<\/div>\n","protected":false},"excerpt":{"rendered":"<p>Is\u0131 geri kazan\u0131m \u00fcniteleri taze hava gereksinimi duyulan mahallerde enerji tasarrufu sa\u011flamak amac\u0131 ile kullan\u0131l\u0131rlar. \u0130\u015f merkezleri, ofisler, konutlar vb. yerlerde kullan\u0131l\u0131r. Asma tavan aras\u0131na konulabilecek y\u00fckseklikte, kolayl\u0131kla montaj ve bak\u0131m yap\u0131labilecek \u015fekilde dizayn edilmi\u015ftir.<\/p>\n<p><strong>Plakal\u0131 Modeller;<\/strong><br \/>\n\u0130letkenli\u011fi ve 70% verimlilikteki \u0131s\u0131 e\u015fanj\u00f6r\u00fc sayesinde, \u0131l\u0131k ve so\u011fuk hava ak\u0131mlar\u0131 aras\u0131ndaki ge\u00e7i\u015flerde, konfor \u015fartlar\u0131n\u0131 korumada yard\u0131mc\u0131 olur. Ek elektrikli \u0131s\u0131t\u0131c\u0131 ve i\u015flevsel kumanda paneli sayesinde kullan\u0131m kolayl\u0131\u011f\u0131 sa\u011flar.<\/p>\n<p><strong>Is\u0131 Pompal\u0131 (DX Bataryal\u0131) Modeller;<\/strong><br \/>\nG\u00f6vdenin i\u00e7erisine yerle\u015ftirilen \u0131s\u0131 pompas\u0131 sayesinde, havan\u0131n mevsimine g\u00f6re uygun konfor \u015fartlar\u0131n\u0131 sa\u011flayan cihazlard\u0131r. Mevcut kapal\u0131 mahallerde, havaland\u0131rma gereksinimi sa\u011flaman\u0131z i\u00e7in en uygun ve basit \u00e7\u00f6z\u00fcm\u00fc sunar.<\/p>\n","protected":false},"featured_media":4697,"comment_status":"open","ping_status":"closed","template":"","meta":[],"product_cat":[15],"product_tag":[],"class_list":{"0":"post-4696","1":"product","2":"type-product","3":"status-publish","4":"has-post-thumbnail","6":"product_cat-genel","8":"first","9":"instock","10":"shipping-taxable","11":"product-type-simple","12":"add-to-wishlist-after_add_to_cart"},"_links":{"self":[{"href":"https:\/\/achavalandirma.com\/en\/wp-json\/wp\/v2\/product\/4696","targetHints":{"allow":["GET"]}}],"collection":[{"href":"https:\/\/achavalandirma.com\/en\/wp-json\/wp\/v2\/product"}],"about":[{"href":"https:\/\/achavalandirma.com\/en\/wp-json\/wp\/v2\/types\/product"}],"replies":[{"embeddable":true,"href":"https:\/\/achavalandirma.com\/en\/wp-json\/wp\/v2\/comments?post=4696"}],"wp:featuredmedia":[{"embeddable":true,"href":"https:\/\/achavalandirma.com\/en\/wp-json\/wp\/v2\/media\/4697"}],"wp:attachment":[{"href":"https:\/\/achavalandirma.com\/en\/wp-json\/wp\/v2\/media?parent=4696"}],"wp:term":[{"taxonomy":"product_cat","embeddable":true,"href":"https:\/\/achavalandirma.com\/en\/wp-json\/wp\/v2\/product_cat?post=4696"},{"taxonomy":"product_tag","embeddable":true,"href":"https:\/\/achavalandirma.com\/en\/wp-json\/wp\/v2\/product_tag?post=4696"}],"curies":[{"name":"wp","href":"https:\/\/api.w.org\/{rel}","templated":true}]}}