{"id":4693,"date":"2024-10-07T15:37:04","date_gmt":"2024-10-07T12:37:04","guid":{"rendered":"https:\/\/achavalandirma.com\/?post_type=product&#038;p=4693"},"modified":"2025-03-09T00:50:32","modified_gmt":"2025-03-08T21:50:32","slug":"rooftop","status":"publish","type":"product","link":"https:\/\/achavalandirma.com\/en\/urunlerimiz\/rooftop\/","title":{"rendered":"Rooftop"},"content":{"rendered":"<div data-editor-content=\"{&quot;blocks&quot;:[{&quot;key&quot;:&quot;4977s&quot;,&quot;text&quot;:&quot;\u00c7at\u0131 (Roof - top) tipi klima cihazlar\u0131 hiper marketler, is ve al\u0131\u015fveri\u015f merkezleri, sinema, tiyatro, g\u00f6steri merkezleri, sosyal tesisler,e\u011fitim kurumlar\u0131 v.b yerler ile end\u00fcstriyel ama\u00e7l\u0131 olarak fabrikalarda kullan\u0131l\u0131rlar. Roof - top klima cihazlar\u0131 hava so\u011futmal\u0131 olup sadece so\u011futma veya iste\u011fe ba\u011fl\u0131 olarak heat pump (\u0131s\u0131 pompal\u0131) olarak\u00a0\u00fcretilirler. Bunun d\u0131\u015f\u0131nda \u0131s\u0131tma i\u00e7in s\u0131cak su bataryas\u0131 veya elektrikli \u0131s\u0131t\u0131c\u0131 rezistans se\u00e7imi yap\u0131larak cihaz i\u00e7ine konulabilir. &quot;,&quot;type&quot;:&quot;unstyled&quot;,&quot;depth&quot;:0,&quot;inlineStyleRanges&quot;:[],&quot;entityRanges&quot;:[],&quot;data&quot;:{}}],&quot;entityMap&quot;:{}}\">\n<p>Roof-Top veya tavan klimas\u0131, genellikle ticari bir binan\u0131n \u00e7at\u0131s\u0131na monte edilen ba\u011f\u0131ms\u0131z bir \u00fcnitedir. \u00dcnite tipi yaln\u0131zca so\u011futma, yaln\u0131zca \u0131s\u0131tma veya her ikisinin birle\u015fimi olabilir. Al\u0131\u015fveri\u015f merkezleri, sinemalar ve s\u00fcpermarketler bu tip klimalar i\u00e7in ideal yap\u0131lard\u0131r. Bu \u00fcnitenin montaj\u0131 ekonomiktir \u00e7\u00fcnk\u00fc sahaya varana kadar fabrikada test edilmi\u015f ve monte edilmi\u015ftir. Peki, tam olarak rooftop \u00e7at\u0131 tipi klima nedir?<\/p>\n<h4>Rooftop \u00c7at\u0131 Tipi Klima Nedir?<\/h4>\n<p>Bu \u00fcniteler d\u0131\u015f mek\u00e2na monte edildi\u011finden, kuvvetli r\u00fczg\u00e2r, ya\u011fmur ve do\u011frudan g\u00fcne\u015f \u0131\u015f\u0131\u011f\u0131 gibi zorlu ko\u015fullara dayanacak \u015fekilde tasarlanmalar\u0131 gerekir. Kullan\u0131lan boya kaplamas\u0131 bu zorlu hava ko\u015fullar\u0131na dayanabilecek kalitededir. Kap\u0131lar tipik olarak r\u00fczg\u00e2r ko\u015fullar\u0131na ve kasa tertibat\u0131na s\u0131zan suya dayanacak \u015fekilde tasarlanm\u0131\u015ft\u0131r. Montaj s\u0131ras\u0131nda tavan\u0131n \u00fcnitenin a\u011f\u0131rl\u0131\u011f\u0131n\u0131 ta\u015f\u0131yabilecek kadar g\u00fc\u00e7l\u00fc oldu\u011fundan emin olun.<\/p>\n<h4>Rooftop \u00c7at\u0131 Tipi Klima Bile\u015fenleri Nelerdir?<\/h4>\n<p>Rooftop \u00e7at\u0131 tipi klima bile\u015fenleri a\u015fa\u011f\u0131dakileri i\u00e7erir:<br \/>\n\u2022 Kompres\u00f6r<br \/>\n\u2022 Yo\u011funla\u015ft\u0131r\u0131c\u0131<br \/>\n\u2022 Kondenser fan\u0131<br \/>\n\u2022 Vanalar<br \/>\n\u2022 Evaporat\u00f6r<br \/>\n\u2022 Geni\u015fleme subab\u0131<br \/>\n\u2022 Al\u0131c\u0131<br \/>\n\u2022 Evaporat\u00f6r fan\u0131<br \/>\n\u2022 Drenaj tavas\u0131<br \/>\n\u2022 Titre\u015fim gidericiler<\/p><\/div>\n<div data-editor-content=\"{&quot;blocks&quot;:[{&quot;key&quot;:&quot;4977s&quot;,&quot;text&quot;:&quot;\u00c7at\u0131 (Roof - top) tipi klima cihazlar\u0131 hiper marketler, is ve al\u0131\u015fveri\u015f merkezleri, sinema, tiyatro, g\u00f6steri merkezleri, sosyal tesisler,e\u011fitim kurumlar\u0131 v.b yerler ile end\u00fcstriyel ama\u00e7l\u0131 olarak fabrikalarda kullan\u0131l\u0131rlar. Roof - top klima cihazlar\u0131 hava so\u011futmal\u0131 olup sadece so\u011futma veya iste\u011fe ba\u011fl\u0131 olarak heat pump (\u0131s\u0131 pompal\u0131) olarak\u00a0\u00fcretilirler. Bunun d\u0131\u015f\u0131nda \u0131s\u0131tma i\u00e7in s\u0131cak su bataryas\u0131 veya elektrikli \u0131s\u0131t\u0131c\u0131 rezistans se\u00e7imi yap\u0131larak cihaz i\u00e7ine konulabilir. &quot;,&quot;type&quot;:&quot;unstyled&quot;,&quot;depth&quot;:0,&quot;inlineStyleRanges&quot;:[],&quot;entityRanges&quot;:[],&quot;data&quot;:{}}],&quot;entityMap&quot;:{}}\">\nEskisini de\u011fi\u015ftirmek i\u00e7in yeni bir \u00fcnite se\u00e7erken, enerji a\u00e7\u0131s\u0131ndan verimli bir tasar\u0131m aray\u0131n. Baz\u0131lar\u0131n\u0131n SEER de\u011feri 16&#8217;n\u0131n \u00fczerinde olan daha yeni \u00fcniteler daha iyi tasarlanm\u0131\u015ft\u0131r. \u00dcnitelerde yaln\u0131zca R410A gibi \u00e7evre dostu so\u011futucu ak\u0131\u015fkan kullan\u0131ld\u0131\u011f\u0131ndan emin olun. Daha iyi tasarlanm\u0131\u015f \u00fcniteler, enerji tasarrufu sa\u011flar ve bu nedenle, ilk maliyeti daha az verimli \u00fcnitelerden daha y\u00fcksek olsa bile, uzun vadeli elektrik faturalar\u0131n\u0131 d\u00fc\u015f\u00fcr\u00fcr.<\/div>\n","protected":false},"excerpt":{"rendered":"<div data-editor-content=\"{&quot;blocks&quot;:[{&quot;key&quot;:&quot;1u5gg&quot;,&quot;text&quot;:&quot;\u00c7at\u0131 (Roof - top) tipi klima cihazlar\u0131 hiper marketler, is ve al\u0131\u015fveri\u015f merkezleri, sinema, tiyatro, g\u00f6steri merkezleri, sosyal tesisler,e\u011fitim kurumlar\u0131 v.b yerler ile end\u00fcstriyel ama\u00e7l\u0131 olarak fabrikalarda kullan\u0131l\u0131rlar&quot;,&quot;type&quot;:&quot;unstyled&quot;,&quot;depth&quot;:0,&quot;inlineStyleRanges&quot;:[],&quot;entityRanges&quot;:[],&quot;data&quot;:{}}],&quot;entityMap&quot;:{}}\">Roof-Top veya tavan klimas\u0131, genellikle ticari bir binan\u0131n \u00e7at\u0131s\u0131na monte edilen ba\u011f\u0131ms\u0131z bir \u00fcnitedir. \u00dcnite tipi yaln\u0131zca so\u011futma, yaln\u0131zca \u0131s\u0131tma veya her ikisinin birle\u015fimi olabilir. Al\u0131\u015fveri\u015f merkezleri, sinemalar ve s\u00fcpermarketler bu tip klimalar i\u00e7in ideal yap\u0131lard\u0131r.<\/div>\n","protected":false},"featured_media":4694,"comment_status":"open","ping_status":"closed","template":"","meta":[],"product_cat":[15],"product_tag":[],"class_list":{"0":"post-4693","1":"product","2":"type-product","3":"status-publish","4":"has-post-thumbnail","6":"product_cat-genel","8":"first","9":"instock","10":"shipping-taxable","11":"product-type-simple","12":"add-to-wishlist-after_add_to_cart"},"_links":{"self":[{"href":"https:\/\/achavalandirma.com\/en\/wp-json\/wp\/v2\/product\/4693","targetHints":{"allow":["GET"]}}],"collection":[{"href":"https:\/\/achavalandirma.com\/en\/wp-json\/wp\/v2\/product"}],"about":[{"href":"https:\/\/achavalandirma.com\/en\/wp-json\/wp\/v2\/types\/product"}],"replies":[{"embeddable":true,"href":"https:\/\/achavalandirma.com\/en\/wp-json\/wp\/v2\/comments?post=4693"}],"wp:featuredmedia":[{"embeddable":true,"href":"https:\/\/achavalandirma.com\/en\/wp-json\/wp\/v2\/media\/4694"}],"wp:attachment":[{"href":"https:\/\/achavalandirma.com\/en\/wp-json\/wp\/v2\/media?parent=4693"}],"wp:term":[{"taxonomy":"product_cat","embeddable":true,"href":"https:\/\/achavalandirma.com\/en\/wp-json\/wp\/v2\/product_cat?post=4693"},{"taxonomy":"product_tag","embeddable":true,"href":"https:\/\/achavalandirma.com\/en\/wp-json\/wp\/v2\/product_tag?post=4693"}],"curies":[{"name":"wp","href":"https:\/\/api.w.org\/{rel}","templated":true}]}}