{"id":4690,"date":"2024-10-07T15:30:54","date_gmt":"2024-10-07T12:30:54","guid":{"rendered":"https:\/\/achavalandirma.com\/?post_type=product&#038;p=4690"},"modified":"2025-08-13T11:39:03","modified_gmt":"2025-08-13T08:39:03","slug":"klima-santralleri","status":"publish","type":"product","link":"https:\/\/achavalandirma.com\/en\/urunlerimiz\/klima-santralleri\/","title":{"rendered":"Klima Santralleri"},"content":{"rendered":"<div data-editor-content=\"{&quot;blocks&quot;:[{&quot;key&quot;:&quot;cnj9s&quot;,&quot;text&quot;:&quot;Klima Santrali atmosferden al\u0131nan taze havan\u0131n \u00e7e\u015fitli ko\u015fulland\u0131rmalardan sonra mahale g\u00f6nderilmesini sa\u011flayan cihazd\u0131r. Klima santrali bir \u00e7ok tipte \u00fcretilir ama k\u0131saca a\u015fa\u011f\u0131daki ba\u015fl\u0131klar alt\u0131nda toplayabiliriz.  &quot;,&quot;type&quot;:&quot;unstyled&quot;,&quot;depth&quot;:0,&quot;inlineStyleRanges&quot;:[],&quot;entityRanges&quot;:[],&quot;data&quot;:{}},{&quot;key&quot;:&quot;a3vmg&quot;,&quot;text&quot;:&quot;&quot;,&quot;type&quot;:&quot;unstyled&quot;,&quot;depth&quot;:0,&quot;inlineStyleRanges&quot;:[],&quot;entityRanges&quot;:[],&quot;data&quot;:{}},{&quot;key&quot;:&quot;2dgim&quot;,&quot;text&quot;:&quot;Mod\u00fcler Santraller; &quot;,&quot;type&quot;:&quot;unordered-list-item&quot;,&quot;depth&quot;:0,&quot;inlineStyleRanges&quot;:[{&quot;offset&quot;:0,&quot;length&quot;:19,&quot;style&quot;:&quot;BOLD&quot;}],&quot;entityRanges&quot;:[],&quot;data&quot;:{}},{&quot;key&quot;:&quot;3eu5j&quot;,&quot;text&quot;:&quot;              500 - 90.000 m\u00b3\/h aral\u0131\u011f\u0131nda havay\u0131 \u015fartland\u0131rarak ortamda istenilen nem ve s\u0131cakl\u0131k de\u011ferini sa\u011flar.   &quot;,&quot;type&quot;:&quot;unstyled&quot;,&quot;depth&quot;:0,&quot;inlineStyleRanges&quot;:[],&quot;entityRanges&quot;:[],&quot;data&quot;:{}},{&quot;key&quot;:&quot;q3a8&quot;,&quot;text&quot;:&quot;&quot;,&quot;type&quot;:&quot;unstyled&quot;,&quot;depth&quot;:0,&quot;inlineStyleRanges&quot;:[],&quot;entityRanges&quot;:[],&quot;data&quot;:{}},{&quot;key&quot;:&quot;1ma4&quot;,&quot;text&quot;:&quot;DX Bataryal\u0131 Santraller (VRF D\u0131\u015f \u00dcniteli) ; &quot;,&quot;type&quot;:&quot;unordered-list-item&quot;,&quot;depth&quot;:0,&quot;inlineStyleRanges&quot;:[{&quot;offset&quot;:0,&quot;length&quot;:43,&quot;style&quot;:&quot;BOLD&quot;}],&quot;entityRanges&quot;:[],&quot;data&quot;:{}},{&quot;key&quot;:&quot;5nsuc&quot;,&quot;text&quot;:&quot;              Enerji tasarrufu sa\u011flayan yenilik\u00e7i \u00e7\u00f6z\u00fcm DX&amp;VRF uygulamas\u0131; AVM, Ofis, Otel, Banka vb. yerlerde, VRF ile klimatizasyon uygulamalar\u0131na paralel olarak taze hava temini amac\u0131 ile dizayn ve imal edilmektedir. Sulu sistemlere g\u00f6re montajlar\u0131 basit kurulum ve tesisat maliyetleri \u00e7ok d\u00fc\u015f\u00fckt\u00fcr.   &quot;,&quot;type&quot;:&quot;unstyled&quot;,&quot;depth&quot;:0,&quot;inlineStyleRanges&quot;:[],&quot;entityRanges&quot;:[],&quot;data&quot;:{}},{&quot;key&quot;:&quot;680ne&quot;,&quot;text&quot;:&quot;&quot;,&quot;type&quot;:&quot;unstyled&quot;,&quot;depth&quot;:0,&quot;inlineStyleRanges&quot;:[],&quot;entityRanges&quot;:[],&quot;data&quot;:{}},{&quot;key&quot;:&quot;ad8n1&quot;,&quot;text&quot;:&quot;Havuz Nem Alma Santralleri ; &quot;,&quot;type&quot;:&quot;unordered-list-item&quot;,&quot;depth&quot;:0,&quot;inlineStyleRanges&quot;:[{&quot;offset&quot;:0,&quot;length&quot;:28,&quot;style&quot;:&quot;BOLD&quot;}],&quot;entityRanges&quot;:[],&quot;data&quot;:{}},{&quot;key&quot;:&quot;789qq&quot;,&quot;text&quot;:&quot;              Nem alma santrali kapal\u0131 y\u00fczme havuzlar\u0131nda, nem alma ve mevsim \u015fartlar\u0131na g\u00f6re istenilen s\u0131cakl\u0131klar\u0131n sa\u011flanmas\u0131 amac\u0131 ile kullan\u0131l\u0131r. (28 \u00b0C havuz suyu s\u0131cakl\u0131\u011f\u0131nda, 30 \u00b0C i\u00e7 ortam s\u0131cakl\u0131\u011f\u0131nda % 50 - 55 Rh nem de\u011feri) 50 m\u00b2'den 500 m\u00b2 y\u00fczeye sahip kapal\u0131 y\u00fczme havuzlar\u0131 i\u00e7in, farkl\u0131 kapasitelerde \u00fcretim yap\u0131lmaktad\u0131r.  &quot;,&quot;type&quot;:&quot;unstyled&quot;,&quot;depth&quot;:0,&quot;inlineStyleRanges&quot;:[],&quot;entityRanges&quot;:[],&quot;data&quot;:{}},{&quot;key&quot;:&quot;8meg2&quot;,&quot;text&quot;:&quot;&quot;,&quot;type&quot;:&quot;unstyled&quot;,&quot;depth&quot;:0,&quot;inlineStyleRanges&quot;:[],&quot;entityRanges&quot;:[],&quot;data&quot;:{}},{&quot;key&quot;:&quot;c301i&quot;,&quot;text&quot;:&quot;Hijyenik Klima Santralleri; &quot;,&quot;type&quot;:&quot;unordered-list-item&quot;,&quot;depth&quot;:0,&quot;inlineStyleRanges&quot;:[{&quot;offset&quot;:0,&quot;length&quot;:27,&quot;style&quot;:&quot;BOLD&quot;}],&quot;entityRanges&quot;:[],&quot;data&quot;:{}},{&quot;key&quot;:&quot;11u5u&quot;,&quot;text&quot;:&quot;              Ameliyathaneler, yo\u011fun bak\u0131m odalar\u0131, temiz oda, biyoteknik labaratuvarlar\u0131, ila\u00e7 ve kimya sanayi, g\u0131da sanayi, i\u00e7ecek sanayi, bilgi i\u015flem odalar\u0131, sterilizasyon odalar\u0131 gibi hijyen ko\u015fullar\u0131n\u0131n gerekli oldu\u011fu her mahalde kullan\u0131labilir.     &quot;,&quot;type&quot;:&quot;unstyled&quot;,&quot;depth&quot;:0,&quot;inlineStyleRanges&quot;:[],&quot;entityRanges&quot;:[],&quot;data&quot;:{}},{&quot;key&quot;:&quot;4kp2h&quot;,&quot;text&quot;:&quot;&quot;,&quot;type&quot;:&quot;unstyled&quot;,&quot;depth&quot;:0,&quot;inlineStyleRanges&quot;:[],&quot;entityRanges&quot;:[],&quot;data&quot;:{}},{&quot;key&quot;:&quot;debr1&quot;,&quot;text&quot;:&quot;S\u0131\u011f\u0131nak Santralleri; &quot;,&quot;type&quot;:&quot;unordered-list-item&quot;,&quot;depth&quot;:0,&quot;inlineStyleRanges&quot;:[{&quot;offset&quot;:0,&quot;length&quot;:20,&quot;style&quot;:&quot;BOLD&quot;}],&quot;entityRanges&quot;:[],&quot;data&quot;:{}},{&quot;key&quot;:&quot;3cidb&quot;,&quot;text&quot;:&quot;              Santral \u00fczerinde G4 kaba filtre, F7 torba filtre, aktif karbon filtre NBC filtre ve opsiyonel olarak kur\u015fun eliminat\u00f6r (X-\u0131\u015f\u0131nlar\u0131n\u0131n s\u00fcz\u00fclmesi i\u00e7in) kullan\u0131lmaktad\u0131r. &quot;,&quot;type&quot;:&quot;unstyled&quot;,&quot;depth&quot;:0,&quot;inlineStyleRanges&quot;:[],&quot;entityRanges&quot;:[],&quot;data&quot;:{}}],&quot;entityMap&quot;:{}}\">\n<div class=\"\" data-block=\"true\" data-editor=\"es6k2\" data-offset-key=\"c1ll3-0-0\">\n<div class=\"public-DraftStyleDefault-block public-DraftStyleDefault-ltr\" data-offset-key=\"c1ll3-0-0\"><span data-offset-key=\"c1ll3-0-0\">Klima Santrali atmosferden al\u0131nan taze havan\u0131n \u00e7e\u015fitli ko\u015fulland\u0131rmalardan sonra mahale g\u00f6nderilmesini sa\u011flayan cihazd\u0131r. Klima santrali bir \u00e7ok tipte \u00fcretilir ama k\u0131saca a\u015fa\u011f\u0131daki ba\u015fl\u0131klar alt\u0131nda toplayabiliriz. <\/span><\/div>\n<\/div>\n<div class=\"\" data-block=\"true\" data-editor=\"es6k2\" data-offset-key=\"1klp0-0-0\">\n<div class=\"public-DraftStyleDefault-block public-DraftStyleDefault-ltr\" data-offset-key=\"1klp0-0-0\"><span data-offset-key=\"1klp0-0-0\">\u00a0<\/span><\/div>\n<\/div>\n<ul class=\"public-DraftStyleDefault-ul\" data-offset-key=\"cve1r-0-0\">\n<li class=\"public-DraftStyleDefault-unorderedListItem public-DraftStyleDefault-reset public-DraftStyleDefault-depth0 public-DraftStyleDefault-listLTR\" data-block=\"true\" data-editor=\"es6k2\" data-offset-key=\"cve1r-0-0\">\n<div class=\"public-DraftStyleDefault-block public-DraftStyleDefault-ltr\" data-offset-key=\"cve1r-0-0\"><span class=\"x-el x-el-span c1-8a c1-8b c1-b c1-ao c1-2z c1-2u c1-ap\"><span data-offset-key=\"cve1r-0-0\">Mod\u00fcler Santraller;<\/span><\/span><\/div>\n<\/li>\n<\/ul>\n<div class=\"\" data-block=\"true\" data-editor=\"es6k2\" data-offset-key=\"edoeu-0-0\">\n<div class=\"public-DraftStyleDefault-block public-DraftStyleDefault-ltr\" data-offset-key=\"edoeu-0-0\"><span data-offset-key=\"edoeu-0-0\"> 500 &#8211; 90.000 m\u00b3\/h aral\u0131\u011f\u0131nda havay\u0131 \u015fartland\u0131rarak ortamda istenilen nem ve s\u0131cakl\u0131k de\u011ferini sa\u011flar. <\/span><\/div>\n<\/div>\n<div class=\"\" data-block=\"true\" data-editor=\"es6k2\" data-offset-key=\"6gjav-0-0\">\n<div class=\"public-DraftStyleDefault-block public-DraftStyleDefault-ltr\" data-offset-key=\"6gjav-0-0\"><span data-offset-key=\"6gjav-0-0\">\u00a0<\/span><\/div>\n<\/div>\n<ul class=\"public-DraftStyleDefault-ul\" data-offset-key=\"9ca47-0-0\">\n<li class=\"public-DraftStyleDefault-unorderedListItem public-DraftStyleDefault-reset public-DraftStyleDefault-depth0 public-DraftStyleDefault-listLTR\" data-block=\"true\" data-editor=\"es6k2\" data-offset-key=\"9ca47-0-0\">\n<div class=\"public-DraftStyleDefault-block public-DraftStyleDefault-ltr\" data-offset-key=\"9ca47-0-0\"><span class=\"x-el x-el-span c1-8a c1-8b c1-b c1-ao c1-2z c1-2u c1-ap\"><span data-offset-key=\"9ca47-0-0\">DX Bataryal\u0131 Santraller (VRF D\u0131\u015f \u00dcniteli) ;<\/span><\/span><\/div>\n<\/li>\n<\/ul>\n<div class=\"\" data-block=\"true\" data-editor=\"es6k2\" data-offset-key=\"as2m5-0-0\">\n<div class=\"public-DraftStyleDefault-block public-DraftStyleDefault-ltr\" data-offset-key=\"as2m5-0-0\"><span data-offset-key=\"as2m5-0-0\"> Enerji tasarrufu sa\u011flayan yenilik\u00e7i \u00e7\u00f6z\u00fcm DX&amp;VRF uygulamas\u0131; AVM, Ofis, Otel, Banka vb. yerlerde, VRF ile klimatizasyon uygulamalar\u0131na paralel olarak taze hava temini amac\u0131 ile dizayn ve imal edilmektedir. Sulu sistemlere g\u00f6re montajlar\u0131 basit kurulum ve tesisat maliyetleri \u00e7ok d\u00fc\u015f\u00fckt\u00fcr. <\/span><\/div>\n<\/div>\n<div class=\"\" data-block=\"true\" data-editor=\"es6k2\" data-offset-key=\"dnkoe-0-0\">\n<div class=\"public-DraftStyleDefault-block public-DraftStyleDefault-ltr\" data-offset-key=\"dnkoe-0-0\"><span data-offset-key=\"dnkoe-0-0\">\u00a0<\/span><\/div>\n<\/div>\n<ul class=\"public-DraftStyleDefault-ul\" data-offset-key=\"dgo9f-0-0\">\n<li class=\"public-DraftStyleDefault-unorderedListItem public-DraftStyleDefault-reset public-DraftStyleDefault-depth0 public-DraftStyleDefault-listLTR\" data-block=\"true\" data-editor=\"es6k2\" data-offset-key=\"dgo9f-0-0\">\n<div class=\"public-DraftStyleDefault-block public-DraftStyleDefault-ltr\" data-offset-key=\"dgo9f-0-0\"><span class=\"x-el x-el-span c1-8a c1-8b c1-b c1-ao c1-2z c1-2u c1-ap\"><span data-offset-key=\"dgo9f-0-0\">Havuz Nem Alma Santralleri ;<\/span><\/span><\/div>\n<\/li>\n<\/ul>\n<div class=\"\" data-block=\"true\" data-editor=\"es6k2\" data-offset-key=\"5enum-0-0\">\n<div class=\"public-DraftStyleDefault-block public-DraftStyleDefault-ltr\" data-offset-key=\"5enum-0-0\"><span data-offset-key=\"5enum-0-0\"> Nem alma santrali kapal\u0131 y\u00fczme havuzlar\u0131nda, nem alma ve mevsim \u015fartlar\u0131na g\u00f6re istenilen s\u0131cakl\u0131klar\u0131n sa\u011flanmas\u0131 amac\u0131 ile kullan\u0131l\u0131r. (28 \u00b0C havuz suyu s\u0131cakl\u0131\u011f\u0131nda, 30 \u00b0C i\u00e7 ortam s\u0131cakl\u0131\u011f\u0131nda % 50 &#8211; 55 Rh nem de\u011feri) 50 m\u00b2&#8217;den 500 m\u00b2 y\u00fczeye sahip kapal\u0131 y\u00fczme havuzlar\u0131 i\u00e7in, farkl\u0131 kapasitelerde \u00fcretim yap\u0131lmaktad\u0131r. <\/span><\/div>\n<\/div>\n<div class=\"\" data-block=\"true\" data-editor=\"es6k2\" data-offset-key=\"83svv-0-0\">\n<div class=\"public-DraftStyleDefault-block public-DraftStyleDefault-ltr\" data-offset-key=\"83svv-0-0\"><span data-offset-key=\"83svv-0-0\">\u00a0<\/span><\/div>\n<\/div>\n<ul class=\"public-DraftStyleDefault-ul\" data-offset-key=\"dvilc-0-0\">\n<li class=\"public-DraftStyleDefault-unorderedListItem public-DraftStyleDefault-reset public-DraftStyleDefault-depth0 public-DraftStyleDefault-listLTR\" data-block=\"true\" data-editor=\"es6k2\" data-offset-key=\"dvilc-0-0\">\n<div class=\"public-DraftStyleDefault-block public-DraftStyleDefault-ltr\" data-offset-key=\"dvilc-0-0\"><span class=\"x-el x-el-span c1-8a c1-8b c1-b c1-ao c1-2z c1-2u c1-ap\"><span data-offset-key=\"dvilc-0-0\">Hijyenik Klima Santralleri;<\/span><\/span><\/div>\n<\/li>\n<\/ul>\n<div class=\"\" data-block=\"true\" data-editor=\"es6k2\" data-offset-key=\"bq1vj-0-0\">\n<div class=\"public-DraftStyleDefault-block public-DraftStyleDefault-ltr\" data-offset-key=\"bq1vj-0-0\"><span data-offset-key=\"bq1vj-0-0\"> Ameliyathaneler, yo\u011fun bak\u0131m odalar\u0131, temiz oda, biyoteknik labaratuvarlar\u0131, ila\u00e7 ve kimya sanayi, g\u0131da sanayi, i\u00e7ecek sanayi, bilgi i\u015flem odalar\u0131, sterilizasyon odalar\u0131 gibi hijyen ko\u015fullar\u0131n\u0131n gerekli oldu\u011fu her mahalde kullan\u0131labilir. <\/span><\/div>\n<\/div>\n<div class=\"\" data-block=\"true\" data-editor=\"es6k2\" data-offset-key=\"1qaon-0-0\">\n<div class=\"public-DraftStyleDefault-block public-DraftStyleDefault-ltr\" data-offset-key=\"1qaon-0-0\"><span data-offset-key=\"1qaon-0-0\">\u00a0<\/span><\/div>\n<\/div>\n<ul class=\"public-DraftStyleDefault-ul\" data-offset-key=\"1dsn3-0-0\">\n<li class=\"public-DraftStyleDefault-unorderedListItem public-DraftStyleDefault-reset public-DraftStyleDefault-depth0 public-DraftStyleDefault-listLTR\" data-block=\"true\" data-editor=\"es6k2\" data-offset-key=\"1dsn3-0-0\">\n<div class=\"public-DraftStyleDefault-block public-DraftStyleDefault-ltr\" data-offset-key=\"1dsn3-0-0\"><span class=\"x-el x-el-span c1-8a c1-8b c1-b c1-ao c1-2z c1-2u c1-ap\"><span data-offset-key=\"1dsn3-0-0\">S\u0131\u011f\u0131nak Santralleri;<\/span><\/span><\/div>\n<\/li>\n<\/ul>\n<div class=\"\" data-block=\"true\" data-editor=\"es6k2\" data-offset-key=\"8b3t2-0-0\">\n<div class=\"public-DraftStyleDefault-block public-DraftStyleDefault-ltr\" data-offset-key=\"8b3t2-0-0\"><span data-offset-key=\"8b3t2-0-0\"> Santral \u00fczerinde G4 kaba filtre, F7 torba filtre, aktif karbon filtre NBC filtre ve opsiyonel olarak kur\u015fun eliminat\u00f6r (X-\u0131\u015f\u0131nlar\u0131n\u0131n s\u00fcz\u00fclmesi i\u00e7in) kullan\u0131lmaktad\u0131r. <\/span><\/div>\n<\/div>\n<\/div>\n","protected":false},"excerpt":{"rendered":"<div data-editor-content=\"{&quot;blocks&quot;:[{&quot;key&quot;:&quot;4mhr7&quot;,&quot;text&quot;:&quot;Klima Santrali atmosferden al\u0131nan taze havan\u0131n \u00e7e\u015fitli ko\u015fulland\u0131rmalardan sonra mahale g\u00f6nderilmesini sa\u011flayan cihazd\u0131r. Klima santrali bir \u00e7ok tipte \u00fcretilir ama k\u0131saca a\u015fa\u011f\u0131daki ba\u015fl\u0131klar alt\u0131nda toplayabiliriz.&quot;,&quot;type&quot;:&quot;unstyled&quot;,&quot;depth&quot;:0,&quot;inlineStyleRanges&quot;:[],&quot;entityRanges&quot;:[],&quot;data&quot;:{}}],&quot;entityMap&quot;:{}}\">Klima Santrali atmosferden al\u0131nan taze havan\u0131n \u00e7e\u015fitli ko\u015fulland\u0131rmalardan sonra mahale g\u00f6nderilmesini sa\u011flayan cihazd\u0131r. Klima santrali bir \u00e7ok tipte \u00fcretilir ama k\u0131saca a\u015fa\u011f\u0131daki ba\u015fl\u0131klar alt\u0131nda toplayabiliriz.<\/div>\n","protected":false},"featured_media":4691,"comment_status":"open","ping_status":"closed","template":"","meta":[],"product_cat":[15],"product_tag":[],"class_list":{"0":"post-4690","1":"product","2":"type-product","3":"status-publish","4":"has-post-thumbnail","6":"product_cat-genel","8":"first","9":"instock","10":"shipping-taxable","11":"product-type-simple","12":"add-to-wishlist-after_add_to_cart"},"_links":{"self":[{"href":"https:\/\/achavalandirma.com\/en\/wp-json\/wp\/v2\/product\/4690","targetHints":{"allow":["GET"]}}],"collection":[{"href":"https:\/\/achavalandirma.com\/en\/wp-json\/wp\/v2\/product"}],"about":[{"href":"https:\/\/achavalandirma.com\/en\/wp-json\/wp\/v2\/types\/product"}],"replies":[{"embeddable":true,"href":"https:\/\/achavalandirma.com\/en\/wp-json\/wp\/v2\/comments?post=4690"}],"wp:featuredmedia":[{"embeddable":true,"href":"https:\/\/achavalandirma.com\/en\/wp-json\/wp\/v2\/media\/4691"}],"wp:attachment":[{"href":"https:\/\/achavalandirma.com\/en\/wp-json\/wp\/v2\/media?parent=4690"}],"wp:term":[{"taxonomy":"product_cat","embeddable":true,"href":"https:\/\/achavalandirma.com\/en\/wp-json\/wp\/v2\/product_cat?post=4690"},{"taxonomy":"product_tag","embeddable":true,"href":"https:\/\/achavalandirma.com\/en\/wp-json\/wp\/v2\/product_tag?post=4690"}],"curies":[{"name":"wp","href":"https:\/\/api.w.org\/{rel}","templated":true}]}}