{"id":4687,"date":"2024-10-07T14:52:25","date_gmt":"2024-10-07T11:52:25","guid":{"rendered":"https:\/\/achavalandirma.com\/?post_type=product&#038;p=4687"},"modified":"2025-09-21T09:48:04","modified_gmt":"2025-09-21T06:48:04","slug":"cim-havalandirma-fanlari","status":"publish","type":"product","link":"https:\/\/achavalandirma.com\/en\/urunlerimiz\/cim-havalandirma-fanlari\/","title":{"rendered":"\u00c7im Havaland\u0131rma Fanlar\u0131"},"content":{"rendered":"<div data-editor-content=\"{&quot;blocks&quot;:[{&quot;key&quot;:&quot;dlbtk&quot;,&quot;text&quot;:&quot;Futbol sahas\u0131 gibi alanlar i\u00e7in\u00a0\u00c7im Havaland\u0131rma serisi fanlar mak. 55 \u00b0C de s\u00fcrekli \u00e7al\u0131\u015fmaya uygundur. 355 mm- 1400 mm \u00e7ap aral\u0131\u011f\u0131na sahiptir. Kitlenebilir tekerlekleri sayesinde istenile pozisyona al\u0131nd\u0131ktan sabitlenebilmektedir. Dahili bak\u0131m \u015falteri sayesinde ayr\u0131ca pano gerektirmeden cihaz yan\u0131nda a\u00e7-kapat yap\u0131labilmektedir.&quot;,&quot;type&quot;:&quot;unstyled&quot;,&quot;depth&quot;:0,&quot;inlineStyleRanges&quot;:[],&quot;entityRanges&quot;:[],&quot;data&quot;:{}},{&quot;key&quot;:&quot;8knfi&quot;,&quot;text&quot;:&quot;&quot;,&quot;type&quot;:&quot;unstyled&quot;,&quot;depth&quot;:0,&quot;inlineStyleRanges&quot;:[],&quot;entityRanges&quot;:[],&quot;data&quot;:{}},{&quot;key&quot;:&quot;ddmtr&quot;,&quot;text&quot;:&quot;Fan G\u00f6vdesi:&quot;,&quot;type&quot;:&quot;unstyled&quot;,&quot;depth&quot;:0,&quot;inlineStyleRanges&quot;:[{&quot;offset&quot;:0,&quot;length&quot;:12,&quot;style&quot;:&quot;BOLD&quot;}],&quot;entityRanges&quot;:[],&quot;data&quot;:{}},{&quot;key&quot;:&quot;ekr3h&quot;,&quot;text&quot;:&quot;Fanlar\u0131n g\u00f6vdesi y\u00fcksek kalite sa\u00e7tan imal edilmekte ve korozyona dayan\u0131kl\u0131 s\u0131cak dald\u0131rma galvaniz ile kaplanmaktad\u0131r. Fan flan\u015flar\u0131 g\u00f6vdeden b\u00fck\u00fclerek imal edilmekte ve bu sayede fanlar kendinden flan\u015fl\u0131 olmaktad\u0131r. G\u00f6vde bak\u0131m kapa\u011f\u0131 ve boyal\u0131 se\u00e7ene\u011fi ile sunulmaktad\u0131r.&quot;,&quot;type&quot;:&quot;unordered-list-item&quot;,&quot;depth&quot;:0,&quot;inlineStyleRanges&quot;:[],&quot;entityRanges&quot;:[],&quot;data&quot;:{}},{&quot;key&quot;:&quot;cdu0p&quot;,&quot;text&quot;:&quot;Fan g\u00f6vde rengi, istenilen renkte (tak\u0131m rengi, stat rengi vs.) korozyona kar\u015f\u0131 dayan\u0131ml\u0131, elektrostatik toz boyal\u0131 olarak opsiyonel se\u00e7eneklerimiz bulunmaktad\u0131r.&quot;,&quot;type&quot;:&quot;unordered-list-item&quot;,&quot;depth&quot;:0,&quot;inlineStyleRanges&quot;:[],&quot;entityRanges&quot;:[],&quot;data&quot;:{}},{&quot;key&quot;:&quot;4p18u&quot;,&quot;text&quot;:&quot;Kanatlar:&quot;,&quot;type&quot;:&quot;unstyled&quot;,&quot;depth&quot;:0,&quot;inlineStyleRanges&quot;:[{&quot;offset&quot;:0,&quot;length&quot;:9,&quot;style&quot;:&quot;BOLD&quot;}],&quot;entityRanges&quot;:[],&quot;data&quot;:{}},{&quot;key&quot;:&quot;ac0qa&quot;,&quot;text&quot;:&quot;Aerodinamik yap\u0131ya sahip kanatlardan imal edilmektedir. ISO 1940\/1-2003\u2019e g\u00f6re statik ve dinamik olarak balans\u0131 al\u0131nan kanatlar\u0131m\u0131z dayan\u0131kl\u0131l\u0131k testlerinden sonra kullan\u0131ma sunulmaktad\u0131r.&quot;,&quot;type&quot;:&quot;unordered-list-item&quot;,&quot;depth&quot;:0,&quot;inlineStyleRanges&quot;:[],&quot;entityRanges&quot;:[],&quot;data&quot;:{}},{&quot;key&quot;:&quot;cspas&quot;,&quot;text&quot;:&quot;Motor:&quot;,&quot;type&quot;:&quot;unstyled&quot;,&quot;depth&quot;:0,&quot;inlineStyleRanges&quot;:[{&quot;offset&quot;:0,&quot;length&quot;:6,&quot;style&quot;:&quot;BOLD&quot;}],&quot;entityRanges&quot;:[],&quot;data&quot;:{}},{&quot;key&quot;:&quot;6uk9o&quot;,&quot;text&quot;:&quot;F izolasyon s\u0131n\u0131f\u0131na sahip, IP 55 motorlar tek devirli ya da \u00e7ift devirli se\u00e7ene\u011fi ile sunulmaktad\u0131r. \u0130stenildi\u011fi durumda tek devirli motorlar invert\u00f6r kullan\u0131m\u0131na uygundur.&quot;,&quot;type&quot;:&quot;unordered-list-item&quot;,&quot;depth&quot;:0,&quot;inlineStyleRanges&quot;:[],&quot;entityRanges&quot;:[],&quot;data&quot;:{}},{&quot;key&quot;:&quot;5o5s5&quot;,&quot;text&quot;:&quot;Elektrik:&quot;,&quot;type&quot;:&quot;unstyled&quot;,&quot;depth&quot;:0,&quot;inlineStyleRanges&quot;:[{&quot;offset&quot;:0,&quot;length&quot;:9,&quot;style&quot;:&quot;BOLD&quot;}],&quot;entityRanges&quot;:[],&quot;data&quot;:{}},{&quot;key&quot;:&quot;d5sff&quot;,&quot;text&quot;:&quot;Plastik malzemeden imal IP 55 elektrik ba\u011flant\u0131 kutusu standart olarak sunulmaktad\u0131r.&quot;,&quot;type&quot;:&quot;unordered-list-item&quot;,&quot;depth&quot;:0,&quot;inlineStyleRanges&quot;:[],&quot;entityRanges&quot;:[],&quot;data&quot;:{}}],&quot;entityMap&quot;:{}}\">\n<div class=\"\" data-block=\"true\" data-editor=\"4pb3r\" data-offset-key=\"c1ll3-0-0\">\n<div class=\"public-DraftStyleDefault-block public-DraftStyleDefault-ltr\" data-offset-key=\"c1ll3-0-0\"><span data-offset-key=\"c1ll3-0-0\">Futbol sahas\u0131 gibi alanlar i\u00e7in\u00a0\u00c7im Havaland\u0131rma serisi fanlar mak. 55 \u00b0C de s\u00fcrekli \u00e7al\u0131\u015fmaya uygundur. 355 mm- 1400 mm \u00e7ap aral\u0131\u011f\u0131na sahiptir. Kitlenebilir tekerlekleri sayesinde istenile pozisyona al\u0131nd\u0131ktan sabitlenebilmektedir. Dahili bak\u0131m \u015falteri sayesinde ayr\u0131ca pano gerektirmeden cihaz yan\u0131nda a\u00e7-kapat yap\u0131labilmektedir.<\/span><\/div>\n<\/div>\n<div class=\"\" data-block=\"true\" data-editor=\"4pb3r\" data-offset-key=\"ecgp6-0-0\">\n<div class=\"public-DraftStyleDefault-block public-DraftStyleDefault-ltr\" data-offset-key=\"ecgp6-0-0\"><span data-offset-key=\"ecgp6-0-0\">\u00a0<\/span><\/div>\n<\/div>\n<div class=\"\" data-block=\"true\" data-editor=\"4pb3r\" data-offset-key=\"43npo-0-0\">\n<div class=\"public-DraftStyleDefault-block public-DraftStyleDefault-ltr\" data-offset-key=\"43npo-0-0\"><span class=\"x-el x-el-span c1-8a c1-8b c1-b c1-ao c1-2z c1-2u c1-ap\"><span data-offset-key=\"43npo-0-0\">Fan G\u00f6vdesi:<\/span><\/span><\/div>\n<\/div>\n<ul class=\"public-DraftStyleDefault-ul\" data-offset-key=\"oct1-0-0\">\n<li class=\"public-DraftStyleDefault-unorderedListItem public-DraftStyleDefault-reset public-DraftStyleDefault-depth0 public-DraftStyleDefault-listLTR\" data-block=\"true\" data-editor=\"4pb3r\" data-offset-key=\"oct1-0-0\">\n<div class=\"public-DraftStyleDefault-block public-DraftStyleDefault-ltr\" data-offset-key=\"oct1-0-0\"><span data-offset-key=\"oct1-0-0\">Fanlar\u0131n g\u00f6vdesi y\u00fcksek kalite sa\u00e7tan imal edilmekte ve korozyona dayan\u0131kl\u0131 s\u0131cak dald\u0131rma galvaniz ile kaplanmaktad\u0131r. Fan flan\u015flar\u0131 g\u00f6vdeden b\u00fck\u00fclerek imal edilmekte ve bu sayede fanlar kendinden flan\u015fl\u0131 olmaktad\u0131r. G\u00f6vde bak\u0131m kapa\u011f\u0131 ve boyal\u0131 se\u00e7ene\u011fi ile sunulmaktad\u0131r.<\/span><\/div>\n<\/li>\n<li class=\"public-DraftStyleDefault-unorderedListItem public-DraftStyleDefault-depth0 public-DraftStyleDefault-listLTR\" data-block=\"true\" data-editor=\"4pb3r\" data-offset-key=\"6b2li-0-0\">\n<div class=\"public-DraftStyleDefault-block public-DraftStyleDefault-ltr\" data-offset-key=\"6b2li-0-0\"><span data-offset-key=\"6b2li-0-0\">Fan g\u00f6vde rengi, istenilen renkte (tak\u0131m rengi, stat rengi vs.) korozyona kar\u015f\u0131 dayan\u0131ml\u0131, elektrostatik toz boyal\u0131 olarak opsiyonel se\u00e7eneklerimiz bulunmaktad\u0131r.<\/span><\/div>\n<\/li>\n<\/ul>\n<div class=\"\" data-block=\"true\" data-editor=\"4pb3r\" data-offset-key=\"c2s8v-0-0\">\n<div class=\"public-DraftStyleDefault-block public-DraftStyleDefault-ltr\" data-offset-key=\"c2s8v-0-0\"><span class=\"x-el x-el-span c1-8a c1-8b c1-b c1-ao c1-2z c1-2u c1-ap\"><span data-offset-key=\"c2s8v-0-0\">Kanatlar:<\/span><\/span><\/div>\n<\/div>\n<ul class=\"public-DraftStyleDefault-ul\" data-offset-key=\"espsj-0-0\">\n<li class=\"public-DraftStyleDefault-unorderedListItem public-DraftStyleDefault-reset public-DraftStyleDefault-depth0 public-DraftStyleDefault-listLTR\" data-block=\"true\" data-editor=\"4pb3r\" data-offset-key=\"espsj-0-0\">\n<div class=\"public-DraftStyleDefault-block public-DraftStyleDefault-ltr\" data-offset-key=\"espsj-0-0\"><span data-offset-key=\"espsj-0-0\">Aerodinamik yap\u0131ya sahip kanatlardan imal edilmektedir. ISO 1940\/1-2003\u2019e g\u00f6re statik ve dinamik olarak balans\u0131 al\u0131nan kanatlar\u0131m\u0131z dayan\u0131kl\u0131l\u0131k testlerinden sonra kullan\u0131ma sunulmaktad\u0131r.<\/span><\/div>\n<\/li>\n<\/ul>\n<div class=\"\" data-block=\"true\" data-editor=\"4pb3r\" data-offset-key=\"7190t-0-0\">\n<div class=\"public-DraftStyleDefault-block public-DraftStyleDefault-ltr\" data-offset-key=\"7190t-0-0\"><span class=\"x-el x-el-span c1-8a c1-8b c1-b c1-ao c1-2z c1-2u c1-ap\"><span data-offset-key=\"7190t-0-0\">Motor:<\/span><\/span><\/div>\n<\/div>\n<ul class=\"public-DraftStyleDefault-ul\" data-offset-key=\"81etm-0-0\">\n<li class=\"public-DraftStyleDefault-unorderedListItem public-DraftStyleDefault-reset public-DraftStyleDefault-depth0 public-DraftStyleDefault-listLTR\" data-block=\"true\" data-editor=\"4pb3r\" data-offset-key=\"81etm-0-0\">\n<div class=\"public-DraftStyleDefault-block public-DraftStyleDefault-ltr\" data-offset-key=\"81etm-0-0\"><span data-offset-key=\"81etm-0-0\">F izolasyon s\u0131n\u0131f\u0131na sahip, IP 55 motorlar tek devirli ya da \u00e7ift devirli se\u00e7ene\u011fi ile sunulmaktad\u0131r. \u0130stenildi\u011fi durumda tek devirli motorlar invert\u00f6r kullan\u0131m\u0131na uygundur.<\/span><\/div>\n<\/li>\n<\/ul>\n<div class=\"\" data-block=\"true\" data-editor=\"4pb3r\" data-offset-key=\"e32h7-0-0\">\n<div class=\"public-DraftStyleDefault-block public-DraftStyleDefault-ltr\" data-offset-key=\"e32h7-0-0\"><span class=\"x-el x-el-span c1-8a c1-8b c1-b c1-ao c1-2z c1-2u c1-ap\"><span data-offset-key=\"e32h7-0-0\">Elektrik:<\/span><\/span><\/div>\n<\/div>\n<ul class=\"public-DraftStyleDefault-ul\" data-offset-key=\"7fo8l-0-0\">\n<li class=\"public-DraftStyleDefault-unorderedListItem public-DraftStyleDefault-reset public-DraftStyleDefault-depth0 public-DraftStyleDefault-listLTR\" data-block=\"true\" data-editor=\"4pb3r\" data-offset-key=\"7fo8l-0-0\">\n<div class=\"public-DraftStyleDefault-block public-DraftStyleDefault-ltr\" data-offset-key=\"7fo8l-0-0\"><span data-offset-key=\"7fo8l-0-0\">Plastik malzemeden imal IP 55 elektrik ba\u011flant\u0131 kutusu standart olarak sunulmaktad\u0131r.\u00a0<\/span><\/div>\n<\/li>\n<\/ul>\n<\/div>\n","protected":false},"excerpt":{"rendered":"<div data-editor-content=\"{&quot;blocks&quot;:[{&quot;key&quot;:&quot;8sdrh&quot;,&quot;text&quot;:&quot;Futbol sahas\u0131 gibi alanlar i\u00e7in\u00a0\u00c7im Havaland\u0131rma serisi fanlar mak. 55 \u00b0C de s\u00fcrekli \u00e7al\u0131\u015fmaya uygundur. 355 mm- 1400 mm \u00e7ap aral\u0131\u011f\u0131na sahiptir. Kitlenebilir tekerlekleri sayesinde istenile pozisyona al\u0131nd\u0131ktan sabitlenebilmektedir. Dahili bak\u0131m \u015falteri sayesinde ayr\u0131ca pano gerektirmeden cihaz yan\u0131nda a\u00e7-kapat yap\u0131labilmektedir.&quot;,&quot;type&quot;:&quot;unstyled&quot;,&quot;depth&quot;:0,&quot;inlineStyleRanges&quot;:[],&quot;entityRanges&quot;:[],&quot;data&quot;:{}}],&quot;entityMap&quot;:{}}\">Futbol sahas\u0131 gibi alanlar i\u00e7in\u00a0\u00c7im Havaland\u0131rma serisi fanlar mak. 55 \u00b0C de s\u00fcrekli \u00e7al\u0131\u015fmaya uygundur. 355 mm- 1400 mm \u00e7ap aral\u0131\u011f\u0131na sahiptir. Kitlenebilir tekerlekleri sayesinde istenile pozisyona al\u0131nd\u0131ktan sabitlenebilmektedir. Dahili bak\u0131m \u015falteri sayesinde ayr\u0131ca pano gerektirmeden cihaz yan\u0131nda a\u00e7-kapat yap\u0131labilmektedir.<\/div>\n","protected":false},"featured_media":4688,"comment_status":"open","ping_status":"closed","template":"","meta":[],"product_cat":[15],"product_tag":[],"class_list":{"0":"post-4687","1":"product","2":"type-product","3":"status-publish","4":"has-post-thumbnail","6":"product_cat-genel","8":"first","9":"instock","10":"shipping-taxable","11":"product-type-simple","12":"add-to-wishlist-after_add_to_cart"},"_links":{"self":[{"href":"https:\/\/achavalandirma.com\/en\/wp-json\/wp\/v2\/product\/4687","targetHints":{"allow":["GET"]}}],"collection":[{"href":"https:\/\/achavalandirma.com\/en\/wp-json\/wp\/v2\/product"}],"about":[{"href":"https:\/\/achavalandirma.com\/en\/wp-json\/wp\/v2\/types\/product"}],"replies":[{"embeddable":true,"href":"https:\/\/achavalandirma.com\/en\/wp-json\/wp\/v2\/comments?post=4687"}],"wp:featuredmedia":[{"embeddable":true,"href":"https:\/\/achavalandirma.com\/en\/wp-json\/wp\/v2\/media\/4688"}],"wp:attachment":[{"href":"https:\/\/achavalandirma.com\/en\/wp-json\/wp\/v2\/media?parent=4687"}],"wp:term":[{"taxonomy":"product_cat","embeddable":true,"href":"https:\/\/achavalandirma.com\/en\/wp-json\/wp\/v2\/product_cat?post=4687"},{"taxonomy":"product_tag","embeddable":true,"href":"https:\/\/achavalandirma.com\/en\/wp-json\/wp\/v2\/product_tag?post=4687"}],"curies":[{"name":"wp","href":"https:\/\/api.w.org\/{rel}","templated":true}]}}