{"id":4404,"date":"2024-10-06T19:03:02","date_gmt":"2024-10-06T16:03:02","guid":{"rendered":"https:\/\/achavalandirma.com\/product\/air-curtains\/"},"modified":"2024-10-06T19:03:02","modified_gmt":"2024-10-06T16:03:02","slug":"air-curtains","status":"publish","type":"product","link":"https:\/\/achavalandirma.com\/en\/urunlerimiz\/air-curtains\/","title":{"rendered":"Air Curtains"},"content":{"rendered":"<div data-editor-content=\"{\"blocks\":[{\"key\":\"h04l\",\"text\":\"Y\u00fcksek hava perdeleme \u00f6zelli\u011fi sayesinde kap\u0131 a\u00e7\u0131kl\u0131klar\u0131ndan olu\u015fabilecek \u0131s\u0131 kayb\u0131n\u0131, toz veya duman giri\u015fini engeller. Sessiz ve g\u00fcvenli \u00e7al\u0131\u015fan d\u00fc\u015f\u00fck enerji sarfiyatl\u0131 kendinden motorlu santrif\u00fcj fanlar kullan\u0131lm\u0131\u015ft\u0131r. \u0130ste\u011fe ba\u011fl\u0131 olarak s\u0131cak su ve elektrikli \u0131s\u0131t\u0131c\u0131 kullan\u0131larak s\u0131cak hava da \u00fcfleyebilir. \",\"type\":\"unstyled\",\"depth\":0,\"inlineStyleRanges\":[],\"entityRanges\":[],\"data\":{}}],\"entityMap\":{}}\">Thanks to its high air screening feature, it prevents heat loss, dust or smoke ingress from door openings.<br \/>\nSelf-motorized centrifugal fans with low energy consumption are used for silent and safe operation.<br \/>\nOptionally, it can also blow hot air by using hot water and electric heater.  <\/div>\n","protected":false},"excerpt":{"rendered":"<div data-editor-content=\"{\"blocks\":[{\"key\":\"h04l\",\"text\":\"Y\u00fcksek hava perdeleme \u00f6zelli\u011fi sayesinde kap\u0131 a\u00e7\u0131kl\u0131klar\u0131ndan olu\u015fabilecek \u0131s\u0131 kayb\u0131n\u0131, toz veya duman giri\u015fini engeller. Sessiz ve g\u00fcvenli \u00e7al\u0131\u015fan d\u00fc\u015f\u00fck enerji sarfiyatl\u0131 kendinden motorlu santrif\u00fcj fanlar kullan\u0131lm\u0131\u015ft\u0131r. \u0130ste\u011fe ba\u011fl\u0131 olarak s\u0131cak su ve elektrikli \u0131s\u0131t\u0131c\u0131 kullan\u0131larak s\u0131cak hava da \u00fcfleyebilir. \",\"type\":\"unstyled\",\"depth\":0,\"inlineStyleRanges\":[],\"entityRanges\":[],\"data\":{}}],\"entityMap\":{}}\">Thanks to its high air screening feature, it prevents heat loss, dust or smoke ingress from door openings.<br \/>\nSelf-motorized centrifugal fans with low energy consumption are used for silent and safe operation.<br \/>\nOptionally, it can also blow hot air by using hot water and electric heater.  <\/div>\n","protected":false},"featured_media":4508,"comment_status":"open","ping_status":"closed","template":"","meta":[],"product_cat":[91],"product_tag":[],"class_list":{"0":"post-4404","1":"product","2":"type-product","3":"status-publish","4":"has-post-thumbnail","6":"product_cat-fan-groups","8":"first","9":"instock","10":"shipping-taxable","11":"product-type-simple","12":"add-to-wishlist-after_add_to_cart"},"_links":{"self":[{"href":"https:\/\/achavalandirma.com\/en\/wp-json\/wp\/v2\/product\/4404","targetHints":{"allow":["GET"]}}],"collection":[{"href":"https:\/\/achavalandirma.com\/en\/wp-json\/wp\/v2\/product"}],"about":[{"href":"https:\/\/achavalandirma.com\/en\/wp-json\/wp\/v2\/types\/product"}],"replies":[{"embeddable":true,"href":"https:\/\/achavalandirma.com\/en\/wp-json\/wp\/v2\/comments?post=4404"}],"wp:featuredmedia":[{"embeddable":true,"href":"https:\/\/achavalandirma.com\/en\/wp-json\/wp\/v2\/media\/4508"}],"wp:attachment":[{"href":"https:\/\/achavalandirma.com\/en\/wp-json\/wp\/v2\/media?parent=4404"}],"wp:term":[{"taxonomy":"product_cat","embeddable":true,"href":"https:\/\/achavalandirma.com\/en\/wp-json\/wp\/v2\/product_cat?post=4404"},{"taxonomy":"product_tag","embeddable":true,"href":"https:\/\/achavalandirma.com\/en\/wp-json\/wp\/v2\/product_tag?post=4404"}],"curies":[{"name":"wp","href":"https:\/\/api.w.org\/{rel}","templated":true}]}}