{"id":4403,"date":"2024-10-06T19:02:10","date_gmt":"2024-10-06T16:02:10","guid":{"rendered":"https:\/\/achavalandirma.com\/product\/kitchen-fans\/"},"modified":"2024-10-06T19:02:10","modified_gmt":"2024-10-06T16:02:10","slug":"kitchen-fans","status":"publish","type":"product","link":"https:\/\/achavalandirma.com\/en\/urunlerimiz\/kitchen-fans\/","title":{"rendered":"Kitchen Fans"},"content":{"rendered":"<div data-editor-content=\"{\"blocks\":[{\"key\":\"cgjtr\",\"text\":\"Ticari ve end\u00fcstriyel mutfaklarda, buharl\u0131 ve ya\u011fl\u0131 s\u0131cak havan\u0131n egzozu i\u00e7in kullan\u0131ma uygun, motorlar\u0131 hava ak\u0131m\u0131 d\u0131\u015f\u0131nda kalan, d\u0131\u015f ortama monte edilebilen, bak\u0131m\u0131 kolay mutfak egzoz fanlard\u0131r. \",\"type\":\"unstyled\",\"depth\":0,\"inlineStyleRanges\":[],\"entityRanges\":[],\"data\":{}}],\"entityMap\":{}}\">Suitable for use in commercial and industrial kitchens for the exhaust of steamy and oily hot air, their motors are out of the air flow, can be mounted outdoors, easy to maintain kitchen exhaust fans.<\/div>\n","protected":false},"excerpt":{"rendered":"<div data-editor-content=\"{\"blocks\":[{\"key\":\"cgjtr\",\"text\":\"Ticari ve end\u00fcstriyel mutfaklarda, buharl\u0131 ve ya\u011fl\u0131 s\u0131cak havan\u0131n egzozu i\u00e7in kullan\u0131ma uygun, motorlar\u0131 hava ak\u0131m\u0131 d\u0131\u015f\u0131nda kalan, d\u0131\u015f ortama monte edilebilen, bak\u0131m\u0131 kolay mutfak egzoz fanlard\u0131r. \",\"type\":\"unstyled\",\"depth\":0,\"inlineStyleRanges\":[],\"entityRanges\":[],\"data\":{}}],\"entityMap\":{}}\">Suitable for use in commercial and industrial kitchens for the exhaust of steamy and oily hot air, their motors are out of the air flow, can be mounted outdoors, easy to maintain kitchen exhaust fans.<\/div>\n","protected":false},"featured_media":4510,"comment_status":"open","ping_status":"closed","template":"","meta":[],"product_cat":[91],"product_tag":[],"class_list":{"0":"post-4403","1":"product","2":"type-product","3":"status-publish","4":"has-post-thumbnail","6":"product_cat-fan-groups","8":"first","9":"instock","10":"shipping-taxable","11":"product-type-simple","12":"add-to-wishlist-after_add_to_cart"},"_links":{"self":[{"href":"https:\/\/achavalandirma.com\/en\/wp-json\/wp\/v2\/product\/4403","targetHints":{"allow":["GET"]}}],"collection":[{"href":"https:\/\/achavalandirma.com\/en\/wp-json\/wp\/v2\/product"}],"about":[{"href":"https:\/\/achavalandirma.com\/en\/wp-json\/wp\/v2\/types\/product"}],"replies":[{"embeddable":true,"href":"https:\/\/achavalandirma.com\/en\/wp-json\/wp\/v2\/comments?post=4403"}],"wp:featuredmedia":[{"embeddable":true,"href":"https:\/\/achavalandirma.com\/en\/wp-json\/wp\/v2\/media\/4510"}],"wp:attachment":[{"href":"https:\/\/achavalandirma.com\/en\/wp-json\/wp\/v2\/media?parent=4403"}],"wp:term":[{"taxonomy":"product_cat","embeddable":true,"href":"https:\/\/achavalandirma.com\/en\/wp-json\/wp\/v2\/product_cat?post=4403"},{"taxonomy":"product_tag","embeddable":true,"href":"https:\/\/achavalandirma.com\/en\/wp-json\/wp\/v2\/product_tag?post=4403"}],"curies":[{"name":"wp","href":"https:\/\/api.w.org\/{rel}","templated":true}]}}