{"id":4402,"date":"2024-10-06T19:01:15","date_gmt":"2024-10-06T16:01:15","guid":{"rendered":"https:\/\/achavalandirma.com\/product\/roof-type-fans\/"},"modified":"2024-10-06T19:01:15","modified_gmt":"2024-10-06T16:01:15","slug":"roof-type-fans","status":"publish","type":"product","link":"https:\/\/achavalandirma.com\/en\/urunlerimiz\/roof-type-fans\/","title":{"rendered":"Roof Type Fans"},"content":{"rendered":"<div data-editor-content=\"{\"blocks\":[{\"key\":\"11rq8\",\"text\":\"Her t\u00fcrl\u00fc \u00e7at\u0131ya monte edilebilirler. Direkt veya kanal ba\u011flant\u0131l\u0131 kullan\u0131labilecek \u015fekilde tasarlanm\u0131\u015flard\u0131r. \",\"type\":\"unstyled\",\"depth\":0,\"inlineStyleRanges\":[],\"entityRanges\":[],\"data\":{}},{\"key\":\"e5hdg\",\"text\":\"Dikey At\u0131\u015fl\u0131 \u00c7at\u0131 Tipi Fanlar\",\"type\":\"unordered-list-item\",\"depth\":0,\"inlineStyleRanges\":[],\"entityRanges\":[],\"data\":{}},{\"key\":\"4e7s9\",\"text\":\"Yatay At\u0131\u015fl\u0131 \u00c7at\u0131 Tipi Fanlar\",\"type\":\"unordered-list-item\",\"depth\":0,\"inlineStyleRanges\":[],\"entityRanges\":[],\"data\":{}}],\"entityMap\":{}}\">\n<div class=\"\" data-block=\"true\" data-editor=\"36a5f\" data-offset-key=\"cl1fq-0-0\">\n<div class=\"public-DraftStyleDefault-block public-DraftStyleDefault-ltr\" data-offset-key=\"cl1fq-0-0\"><span data-offset-key=\"cl1fq-0-0\">They can be installed on any type of roof.<br \/>\nThey are designed to be used directly or with duct connection.   <\/span><\/div>\n<\/div>\n<ul class=\"public-DraftStyleDefault-ul\" data-offset-key=\"c3u2d-0-0\">\n<li class=\"public-DraftStyleDefault-unorderedListItem public-DraftStyleDefault-reset public-DraftStyleDefault-depth0 public-DraftStyleDefault-listLTR\" data-block=\"true\" data-editor=\"36a5f\" data-offset-key=\"c3u2d-0-0\">\n<div class=\"public-DraftStyleDefault-block public-DraftStyleDefault-ltr\" data-offset-key=\"c3u2d-0-0\"><span data-offset-key=\"c3u2d-0-0\">Vertical Throw Roof Type Fans<\/span><\/div>\n<\/li>\n<li class=\"public-DraftStyleDefault-unorderedListItem public-DraftStyleDefault-depth0 public-DraftStyleDefault-listLTR\" data-block=\"true\" data-editor=\"36a5f\" data-offset-key=\"2095r-0-0\">\n<div class=\"public-DraftStyleDefault-block public-DraftStyleDefault-ltr\" data-offset-key=\"2095r-0-0\"><span data-offset-key=\"2095r-0-0\">Horizontal Throw Roof Type Fans<\/span><\/div>\n<\/li>\n<\/ul>\n<\/div>\n","protected":false},"excerpt":{"rendered":"<p><span data-offset-key=\"cl1fq-0-0\">They can be installed on any type of roof.<br \/>\nThey are designed to be used directly or with duct connection. <\/span><\/p>\n","protected":false},"featured_media":4512,"comment_status":"open","ping_status":"closed","template":"","meta":[],"product_cat":[91],"product_tag":[],"class_list":{"0":"post-4402","1":"product","2":"type-product","3":"status-publish","4":"has-post-thumbnail","6":"product_cat-fan-groups","8":"first","9":"instock","10":"shipping-taxable","11":"product-type-simple","12":"add-to-wishlist-after_add_to_cart"},"_links":{"self":[{"href":"https:\/\/achavalandirma.com\/en\/wp-json\/wp\/v2\/product\/4402","targetHints":{"allow":["GET"]}}],"collection":[{"href":"https:\/\/achavalandirma.com\/en\/wp-json\/wp\/v2\/product"}],"about":[{"href":"https:\/\/achavalandirma.com\/en\/wp-json\/wp\/v2\/types\/product"}],"replies":[{"embeddable":true,"href":"https:\/\/achavalandirma.com\/en\/wp-json\/wp\/v2\/comments?post=4402"}],"wp:featuredmedia":[{"embeddable":true,"href":"https:\/\/achavalandirma.com\/en\/wp-json\/wp\/v2\/media\/4512"}],"wp:attachment":[{"href":"https:\/\/achavalandirma.com\/en\/wp-json\/wp\/v2\/media?parent=4402"}],"wp:term":[{"taxonomy":"product_cat","embeddable":true,"href":"https:\/\/achavalandirma.com\/en\/wp-json\/wp\/v2\/product_cat?post=4402"},{"taxonomy":"product_tag","embeddable":true,"href":"https:\/\/achavalandirma.com\/en\/wp-json\/wp\/v2\/product_tag?post=4402"}],"curies":[{"name":"wp","href":"https:\/\/api.w.org\/{rel}","templated":true}]}}