{"id":4401,"date":"2024-10-06T19:00:16","date_gmt":"2024-10-06T16:00:16","guid":{"rendered":"https:\/\/achavalandirma.com\/product\/smoke-evacuation-fans\/"},"modified":"2024-10-07T09:22:11","modified_gmt":"2024-10-07T06:22:11","slug":"smoke-evacuation-fans","status":"publish","type":"product","link":"https:\/\/achavalandirma.com\/en\/urunlerimiz\/smoke-evacuation-fans\/","title":{"rendered":"Smoke Evacuation Fans"},"content":{"rendered":"<div data-editor-content=\"{\"blocks\":[{\"key\":\"668h9\",\"text\":\"Temelde ama\u00e7 yang\u0131n olu\u015fan b\u00f6lgede, negatif bas\u0131n\u00e7 olu\u015fturmak, kom\u015fu b\u00f6lgelerde pozitif bas\u0131nc\u0131n s\u00fcreklili\u011fini sa\u011flamak ve yang\u0131n olu\u015fan b\u00f6lgede olu\u015fan duman\u0131 di\u011fer b\u00f6lgelere yay\u0131lmadan bina d\u0131\u015f\u0131na tahliye etmektir. Bu anlamda tahliye durumuna g\u00f6re s\u0131n\u0131fland\u0131racak olursak;\",\"type\":\"unstyled\",\"depth\":0,\"inlineStyleRanges\":[],\"entityRanges\":[],\"data\":{}},{\"key\":\"5upfh\",\"text\":\"Kanal Tipi Aksiyal Fanlar\",\"type\":\"unordered-list-item\",\"depth\":0,\"inlineStyleRanges\":[],\"entityRanges\":[],\"data\":{}},{\"key\":\"1i2fq\",\"text\":\"\u00c7at\u0131 Tipi Aksiyal Fanlar\",\"type\":\"unordered-list-item\",\"depth\":0,\"inlineStyleRanges\":[],\"entityRanges\":[],\"data\":{}},{\"key\":\"345ck\",\"text\":\"Duvar Tipi Aksiyal Fanlar\",\"type\":\"unordered-list-item\",\"depth\":0,\"inlineStyleRanges\":[],\"entityRanges\":[],\"data\":{}},{\"key\":\"c4241\",\"text\":\"Jet Fanlar\",\"type\":\"unordered-list-item\",\"depth\":0,\"inlineStyleRanges\":[],\"entityRanges\":[],\"data\":{}},{\"key\":\"96jpq\",\"text\":\"\u00b7 Radyal Jet Fan\",\"type\":\"unstyled\",\"depth\":0,\"inlineStyleRanges\":[],\"entityRanges\":[],\"data\":{}},{\"key\":\"dsltt\",\"text\":\"\u00b7 Aksiyal Jet Fan\",\"type\":\"unstyled\",\"depth\":0,\"inlineStyleRanges\":[],\"entityRanges\":[],\"data\":{}}],\"entityMap\":{}}\">\n<div class=\"\" data-block=\"true\" data-editor=\"erpku\" data-offset-key=\"crgsj-0-0\">\n<div class=\"public-DraftStyleDefault-block public-DraftStyleDefault-ltr\" data-offset-key=\"crgsj-0-0\"><span data-offset-key=\"crgsj-0-0\">Basically, the aim is to create negative pressure in the area where the fire occurs, to ensure the continuity of positive pressure in neighboring areas and to evacuate the smoke formed in the area where the fire occurs out of the building without spreading to other areas.<br \/>\nIn this sense, if we classify according to the evacuation situation; <\/span><\/div>\n<\/div>\n<ul class=\"public-DraftStyleDefault-ul\" data-offset-key=\"fetgf-0-0\">\n<li class=\"public-DraftStyleDefault-unorderedListItem public-DraftStyleDefault-reset public-DraftStyleDefault-depth0 public-DraftStyleDefault-listLTR\" data-block=\"true\" data-editor=\"erpku\" data-offset-key=\"fetgf-0-0\">\n<div class=\"public-DraftStyleDefault-block public-DraftStyleDefault-ltr\" data-offset-key=\"fetgf-0-0\"><span data-offset-key=\"fetgf-0-0\">Duct Type Axial Fans<\/span><\/div>\n<\/li>\n<li class=\"public-DraftStyleDefault-unorderedListItem public-DraftStyleDefault-depth0 public-DraftStyleDefault-listLTR\" data-block=\"true\" data-editor=\"erpku\" data-offset-key=\"dp6gd-0-0\">\n<div class=\"public-DraftStyleDefault-block public-DraftStyleDefault-ltr\" data-offset-key=\"dp6gd-0-0\"><span data-offset-key=\"dp6gd-0-0\">Roof Type Axial Fans<\/span><\/div>\n<\/li>\n<li class=\"public-DraftStyleDefault-unorderedListItem public-DraftStyleDefault-depth0 public-DraftStyleDefault-listLTR\" data-block=\"true\" data-editor=\"erpku\" data-offset-key=\"cs8ar-0-0\">\n<div class=\"public-DraftStyleDefault-block public-DraftStyleDefault-ltr\" data-offset-key=\"cs8ar-0-0\"><span data-offset-key=\"cs8ar-0-0\">Wall Mounted Axial Fans<\/span><\/div>\n<\/li>\n<li class=\"public-DraftStyleDefault-unorderedListItem public-DraftStyleDefault-depth0 public-DraftStyleDefault-listLTR\" data-block=\"true\" data-editor=\"erpku\" data-offset-key=\"7hp0s-0-0\">\n<div class=\"public-DraftStyleDefault-block public-DraftStyleDefault-ltr\" data-offset-key=\"7hp0s-0-0\"><span data-offset-key=\"7hp0s-0-0\">Jet Fans<\/span><\/div>\n<ul class=\"public-DraftStyleDefault-ul\" data-offset-key=\"fetgf-0-0\">\n<li class=\"public-DraftStyleDefault-unorderedListItem public-DraftStyleDefault-depth0 public-DraftStyleDefault-listLTR\" data-block=\"true\" data-editor=\"erpku\" data-offset-key=\"7hp0s-0-0\">\n<div class=\"public-DraftStyleDefault-block public-DraftStyleDefault-ltr\" data-offset-key=\"7hp0s-0-0\">Radial Jet Fan<\/div>\n<\/li>\n<li data-block=\"true\" data-editor=\"erpku\" data-offset-key=\"7hp0s-0-0\">Axial Jet Fan<\/li>\n<\/ul>\n<\/li>\n<\/ul>\n<\/div>\n","protected":false},"excerpt":{"rendered":"<p><span data-offset-key=\"crgsj-0-0\">Basically, the aim is to create negative pressure in the area where the fire occurs, to ensure the continuity of positive pressure in neighboring areas and to evacuate the smoke formed in the area where the fire occurs out of the building without spreading to other areas.<\/span><\/p>\n","protected":false},"featured_media":4514,"comment_status":"open","ping_status":"closed","template":"","meta":[],"product_cat":[91],"product_tag":[],"class_list":{"0":"post-4401","1":"product","2":"type-product","3":"status-publish","4":"has-post-thumbnail","6":"product_cat-fan-groups","8":"first","9":"instock","10":"shipping-taxable","11":"product-type-simple","12":"add-to-wishlist-after_add_to_cart"},"_links":{"self":[{"href":"https:\/\/achavalandirma.com\/en\/wp-json\/wp\/v2\/product\/4401","targetHints":{"allow":["GET"]}}],"collection":[{"href":"https:\/\/achavalandirma.com\/en\/wp-json\/wp\/v2\/product"}],"about":[{"href":"https:\/\/achavalandirma.com\/en\/wp-json\/wp\/v2\/types\/product"}],"replies":[{"embeddable":true,"href":"https:\/\/achavalandirma.com\/en\/wp-json\/wp\/v2\/comments?post=4401"}],"wp:featuredmedia":[{"embeddable":true,"href":"https:\/\/achavalandirma.com\/en\/wp-json\/wp\/v2\/media\/4514"}],"wp:attachment":[{"href":"https:\/\/achavalandirma.com\/en\/wp-json\/wp\/v2\/media?parent=4401"}],"wp:term":[{"taxonomy":"product_cat","embeddable":true,"href":"https:\/\/achavalandirma.com\/en\/wp-json\/wp\/v2\/product_cat?post=4401"},{"taxonomy":"product_tag","embeddable":true,"href":"https:\/\/achavalandirma.com\/en\/wp-json\/wp\/v2\/product_tag?post=4401"}],"curies":[{"name":"wp","href":"https:\/\/api.w.org\/{rel}","templated":true}]}}