{"id":4400,"date":"2024-10-06T18:58:14","date_gmt":"2024-10-06T15:58:14","guid":{"rendered":"https:\/\/achavalandirma.com\/product\/duct-type-fans\/"},"modified":"2025-08-18T11:07:03","modified_gmt":"2025-08-18T08:07:03","slug":"duct-type-fans","status":"publish","type":"product","link":"https:\/\/achavalandirma.com\/en\/urunlerimiz\/duct-type-fans\/","title":{"rendered":"Duct Type Fans"},"content":{"rendered":"<div data-editor-content=\"{\"blocks\":[{\"key\":\"79u9n\",\"text\":\"Bu fanlar havaland\u0131rma sa\u011flayarak ortamdaki havay\u0131 temizler. \u0130klimlendirme cihaz\u0131 ile olu\u015fturulan s\u0131cak ya da so\u011fuk havay\u0131 ortama \u00fcfleyerek ortam \u0131s\u0131s\u0131n\u0131n ayarlanmas\u0131n\u0131 sa\u011flar. Fanlar fark\u0131nda olsak da olmasak da hemen her teknolojik cihazda kullan\u0131l\u0131r. \",\"type\":\"unstyled\",\"depth\":0,\"inlineStyleRanges\":[],\"entityRanges\":[],\"data\":{}},{\"key\":\"5cbn9\",\"text\":\"Aksiyal ve Radyal Fanlar\",\"type\":\"unordered-list-item\",\"depth\":0,\"inlineStyleRanges\":[],\"entityRanges\":[],\"data\":{}},{\"key\":\"3mjhg\",\"text\":\"Dikd\u00f6rtgen ve Yuvarlak Kanal Tipi Fanlar \",\"type\":\"unordered-list-item\",\"depth\":0,\"inlineStyleRanges\":[],\"entityRanges\":[],\"data\":{}},{\"key\":\"5h122\",\"text\":\"Pencere ve Duvar Tipi Fanlar \",\"type\":\"unordered-list-item\",\"depth\":0,\"inlineStyleRanges\":[],\"entityRanges\":[],\"data\":{}},{\"key\":\"dch1j\",\"text\":\"Kanal Tipi S\u0131\u011f\u0131nak Fanlar\u0131\",\"type\":\"unordered-list-item\",\"depth\":0,\"inlineStyleRanges\":[],\"entityRanges\":[],\"data\":{}}],\"entityMap\":{}}\">\n<div class=\"\" data-block=\"true\" data-editor=\"50pq5\" data-offset-key=\"c1ll3-0-0\">\n<div class=\"public-DraftStyleDefault-block public-DraftStyleDefault-ltr\" data-offset-key=\"c1ll3-0-0\"><span data-offset-key=\"c1ll3-0-0\">These fans clean the air in the environment by providing ventilation.<br \/>\nBy blowing the hot or cold air created by the air conditioning device into the environment, it allows the ambient temperature to be adjusted.<br \/>\nFans are used in almost every technological device, whether we realize it or not.    <\/span><\/div>\n<\/div>\n<ul class=\"public-DraftStyleDefault-ul\" data-offset-key=\"4fl6k-0-0\">\n<li class=\"public-DraftStyleDefault-unorderedListItem public-DraftStyleDefault-reset public-DraftStyleDefault-depth0 public-DraftStyleDefault-listLTR\" data-block=\"true\" data-editor=\"50pq5\" data-offset-key=\"4fl6k-0-0\">\n<div class=\"public-DraftStyleDefault-block public-DraftStyleDefault-ltr\" data-offset-key=\"4fl6k-0-0\"><span data-offset-key=\"4fl6k-0-0\">Axial and Radial Fans<\/span><\/div>\n<\/li>\n<li class=\"public-DraftStyleDefault-unorderedListItem public-DraftStyleDefault-depth0 public-DraftStyleDefault-listLTR\" data-block=\"true\" data-editor=\"50pq5\" data-offset-key=\"84e5e-0-0\">\n<div class=\"public-DraftStyleDefault-block public-DraftStyleDefault-ltr\" data-offset-key=\"84e5e-0-0\"><span data-offset-key=\"84e5e-0-0\">Rectangular and Round Duct Type Fans  <\/span><\/div>\n<\/li>\n<li class=\"public-DraftStyleDefault-unorderedListItem public-DraftStyleDefault-depth0 public-DraftStyleDefault-listLTR\" data-block=\"true\" data-editor=\"50pq5\" data-offset-key=\"694bh-0-0\">\n<div class=\"public-DraftStyleDefault-block public-DraftStyleDefault-ltr\" data-offset-key=\"694bh-0-0\"><span data-offset-key=\"694bh-0-0\">Window and Wall Mounted Fans  <\/span><\/div>\n<\/li>\n<li class=\"public-DraftStyleDefault-unorderedListItem public-DraftStyleDefault-depth0 public-DraftStyleDefault-listLTR\" data-block=\"true\" data-editor=\"50pq5\" data-offset-key=\"8m32a-0-0\">\n<div class=\"public-DraftStyleDefault-block public-DraftStyleDefault-ltr\" data-offset-key=\"8m32a-0-0\"><span data-offset-key=\"8m32a-0-0\">Duct Type Shelter Fans<\/span><\/div>\n<\/li>\n<\/ul>\n<\/div>\n","protected":false},"excerpt":{"rendered":"<p><span data-offset-key=\"c1ll3-0-0\">These fans clean the air in the environment by providing ventilation.<br \/>\nBy blowing the hot or cold air created by the air conditioning device into the environment, it allows the ambient temperature to be adjusted.<br \/>\nFans are used in almost every technological device, whether we realize it or not.  <\/span><\/p>\n","protected":false},"featured_media":4516,"comment_status":"open","ping_status":"closed","template":"","meta":[],"product_cat":[91],"product_tag":[],"class_list":{"0":"post-4400","1":"product","2":"type-product","3":"status-publish","4":"has-post-thumbnail","6":"product_cat-fan-groups","8":"first","9":"instock","10":"shipping-taxable","11":"product-type-simple","12":"add-to-wishlist-after_add_to_cart"},"_links":{"self":[{"href":"https:\/\/achavalandirma.com\/en\/wp-json\/wp\/v2\/product\/4400","targetHints":{"allow":["GET"]}}],"collection":[{"href":"https:\/\/achavalandirma.com\/en\/wp-json\/wp\/v2\/product"}],"about":[{"href":"https:\/\/achavalandirma.com\/en\/wp-json\/wp\/v2\/types\/product"}],"replies":[{"embeddable":true,"href":"https:\/\/achavalandirma.com\/en\/wp-json\/wp\/v2\/comments?post=4400"}],"wp:featuredmedia":[{"embeddable":true,"href":"https:\/\/achavalandirma.com\/en\/wp-json\/wp\/v2\/media\/4516"}],"wp:attachment":[{"href":"https:\/\/achavalandirma.com\/en\/wp-json\/wp\/v2\/media?parent=4400"}],"wp:term":[{"taxonomy":"product_cat","embeddable":true,"href":"https:\/\/achavalandirma.com\/en\/wp-json\/wp\/v2\/product_cat?post=4400"},{"taxonomy":"product_tag","embeddable":true,"href":"https:\/\/achavalandirma.com\/en\/wp-json\/wp\/v2\/product_tag?post=4400"}],"curies":[{"name":"wp","href":"https:\/\/api.w.org\/{rel}","templated":true}]}}