{"id":4399,"date":"2024-10-06T19:03:51","date_gmt":"2024-10-06T16:03:51","guid":{"rendered":"https:\/\/achavalandirma.com\/product\/air-apparatus\/"},"modified":"2024-10-07T09:22:42","modified_gmt":"2024-10-07T06:22:42","slug":"air-apparatus","status":"publish","type":"product","link":"https:\/\/achavalandirma.com\/en\/urunlerimiz\/air-apparatus\/","title":{"rendered":"Air Apparatus"},"content":{"rendered":"<div data-editor-content=\"{\"blocks\":[{\"key\":\"auvu9\",\"text\":\"Radyal veya aksiyal fanl\u0131 olarak \u00fcretimi yap\u0131l\u0131r. S\u0131cak hava apareyleri fabrikalar, at\u00f6lyeler, hangarlar, garajlar, spor salonlar\u0131 v.b yerlerde kullan\u0131labilen s\u0131cak hava \u00fcniteleridir. Tavan y\u00fcksekli\u011fi 4 m\u2019yi ge\u00e7en kapal\u0131 alanlarda radyal fanl\u0131, 4m'ye kadar olan yerlerde aksiyal fanl\u0131 aparey kullanmak daha uygundur. \",\"type\":\"unstyled\",\"depth\":0,\"inlineStyleRanges\":[],\"entityRanges\":[],\"data\":{}}],\"entityMap\":{}}\">It is produced with radial or axial fans.<br \/>\nHot air apparatus are hot air units that can be used in factories, workshops, hangars, garages, sports halls, etc.<br \/>\nIt is more suitable to use radial fan apparatus in closed areas with a ceiling height exceeding 4 m and axial fan apparatus in places up to 4 m.  <\/div>\n","protected":false},"excerpt":{"rendered":"<div data-editor-content=\"{\"blocks\":[{\"key\":\"auvu9\",\"text\":\"Radyal veya aksiyal fanl\u0131 olarak \u00fcretimi yap\u0131l\u0131r. S\u0131cak hava apareyleri fabrikalar, at\u00f6lyeler, hangarlar, garajlar, spor salonlar\u0131 v.b yerlerde kullan\u0131labilen s\u0131cak hava \u00fcniteleridir. Tavan y\u00fcksekli\u011fi 4 m\u2019yi ge\u00e7en kapal\u0131 alanlarda radyal fanl\u0131, 4m'ye kadar olan yerlerde aksiyal fanl\u0131 aparey kullanmak daha uygundur. \",\"type\":\"unstyled\",\"depth\":0,\"inlineStyleRanges\":[],\"entityRanges\":[],\"data\":{}}],\"entityMap\":{}}\">It is produced with radial or axial fans.<br \/>\nHot air apparatus are hot air units that can be used in factories, workshops, hangars, garages, sports halls, etc.<br \/>\nIt is more suitable to use radial fan apparatus in closed areas with a ceiling height exceeding 4 m and axial fan apparatus in places up to 4 m.  <\/div>\n","protected":false},"featured_media":4506,"comment_status":"open","ping_status":"closed","template":"","meta":[],"product_cat":[91],"product_tag":[],"class_list":{"0":"post-4399","1":"product","2":"type-product","3":"status-publish","4":"has-post-thumbnail","6":"product_cat-fan-groups","8":"first","9":"instock","10":"shipping-taxable","11":"product-type-simple","12":"add-to-wishlist-after_add_to_cart"},"_links":{"self":[{"href":"https:\/\/achavalandirma.com\/en\/wp-json\/wp\/v2\/product\/4399","targetHints":{"allow":["GET"]}}],"collection":[{"href":"https:\/\/achavalandirma.com\/en\/wp-json\/wp\/v2\/product"}],"about":[{"href":"https:\/\/achavalandirma.com\/en\/wp-json\/wp\/v2\/types\/product"}],"replies":[{"embeddable":true,"href":"https:\/\/achavalandirma.com\/en\/wp-json\/wp\/v2\/comments?post=4399"}],"wp:featuredmedia":[{"embeddable":true,"href":"https:\/\/achavalandirma.com\/en\/wp-json\/wp\/v2\/media\/4506"}],"wp:attachment":[{"href":"https:\/\/achavalandirma.com\/en\/wp-json\/wp\/v2\/media?parent=4399"}],"wp:term":[{"taxonomy":"product_cat","embeddable":true,"href":"https:\/\/achavalandirma.com\/en\/wp-json\/wp\/v2\/product_cat?post=4399"},{"taxonomy":"product_tag","embeddable":true,"href":"https:\/\/achavalandirma.com\/en\/wp-json\/wp\/v2\/product_tag?post=4399"}],"curies":[{"name":"wp","href":"https:\/\/api.w.org\/{rel}","templated":true}]}}