{"id":4913,"date":"2024-10-10T11:30:24","date_gmt":"2024-10-10T08:30:24","guid":{"rendered":"https:\/\/achavalandirma.com\/?page_id=4913"},"modified":"2024-10-21T17:04:19","modified_gmt":"2024-10-21T14:04:19","slug":"protection-of-personal-data","status":"publish","type":"page","link":"https:\/\/achavalandirma.com\/en\/protection-of-personal-data\/","title":{"rendered":"Protection of Personal Data (Clarification Text)"},"content":{"rendered":"\t\t<div data-elementor-type=\"wp-page\" data-elementor-id=\"4913\" class=\"elementor elementor-4913 elementor-4912\">\n\t\t\t\t<div class=\"elementor-element elementor-element-5db1b49 e-flex e-con-boxed e-con e-parent\" data-id=\"5db1b49\" data-element_type=\"container\">\r\n\t\t\t\t\t<div class=\"e-con-inner\">\r\n\t\t\t\t<div class=\"elementor-element elementor-element-79c9836f elementor-widget elementor-widget-text-editor\" data-id=\"79c9836f\" data-element_type=\"widget\" data-widget_type=\"text-editor.default\">\n\t\t\t\t<div class=\"elementor-widget-container\">\n\t\t\t\t\t\t\t<p><strong>Protection of Personal Data (Clarification Text)<\/strong><\/p>\n<p>Personal Data Protection Law Information Form:<\/p>\n<p><strong>AC Havaland\u0131rma ve \u0130klimlendirme Sistemleri A.\u015e.<\/strong> (&#8220;AC Havaland\u0131rma&#8221;) has provided below basic information on the protection of transferred personal data.<\/p>\n<p>AC Havaland\u0131rma presents the following explanations in order to fulfill its obligation to enlighten arising from Article 10 of the Law No. 6698 on the Protection of Personal Data (&#8220;KVKK&#8221;); to the attention of our customers and third parties who use our website, who are only real persons as defined in Article 3 of the KVKK. (AC Havaland\u0131rma reserves the right to update this Explanation on the Protection of Personal Data at any time within the framework of changes that may be made in the legislation in force).  <\/p>\n<p>Pursuant to Law No. 6698, we hereby inform you that any information (&#8220;personal data&#8221;) belonging to you that has been \/ will be obtained by AC Havaland\u0131rma, which has the title of data controller, or that you have shared \/ will share, will be processed by AC Havaland\u0131rma within the framework described below and in the ways stipulated in the aforementioned Law, and that all kinds of transactions performed on your information, including obtaining, recording, storing, storing, preserving, changing, disclosing, transferring, making your information available by automatic or non-automatic means, means &#8220;processing of personal data&#8221;. In addition, the Law No. 6563 on the Regulation of Electronic Commerce also contains provisions on the protection of personal data. The Turkish Penal Code No. 5237 also provides for criminal sanctions in some cases for the protection of personal data. On the other hand, it is necessary to collect and use data in order to fulfill our obligations arising from the Law No. 6502 on Consumer Protection and the Regulation on Distance Contracts.   <\/p>\n<p><strong>Purposes and legal reasons for processing your personal data<\/strong><\/p>\n<p>AC Ventilation, especially Law No. 5549 on Prevention of Laundering Proceeds of Crime. Law No. 5549, Law No. 4358 on the Dissemination of the Use of Tax Identification Numbers. Kanun olmak \u00fczere ilgili t\u00fcm ulusal\/uluslararas\u0131 mevzuat ve bunlara dayal\u0131 olarak ulusal\/uluslararas\u0131 yetkili otoritelerce yay\u0131mlanm\u0131\u015f olan ikincil d\u00fczenlemeler ya da bunlarla ilgili olarak veya faaliyetleri ile ilgili olarak taraf oldu\u011fu s\u00f6zle\u015fmeler kapsam\u0131ndaki y\u00fck\u00fcml\u00fcl\u00fcklerinin (kimlik tespiti, bilgi saklama, raporlama, bilgilendirme vb.) and fulfillment of its commitments; Your personal data is processed by AC Havaland\u0131rma for the purposes and legal reasons such as the establishment of contracts for all kinds of products and services you request from AC Havaland\u0131rma and the organization of all other records and documents (in paper or electronic environment), the provision of such products and services and the uninterrupted continuation of such products and services as required.  <\/p>\n<p><strong>For what purposes does AC Havaland\u0131rma use personal data?<\/strong><\/p>\n<p>AC Havaland\u0131rma will be able to record, store, update, update, disclose to third parties, transfer, classify and process your personal information where and to the extent permitted by the legislation.<\/p>\n<p>Your personal data is used for the following purposes:<\/p>\n<ul>\n<li>Confirming the identity information of the shopper(s) through the website\/mobile applications,<\/li>\n<li>Save the address and other necessary information for contact,<\/li>\n<li>To communicate with our customers regarding the conditions, current status and updates of the contracts we have concluded under the distant sales contract and the relevant articles of the Law on Consumer Protection and to provide the necessary information,<\/li>\n<li>To organize all records and documents that will be the basis of the transaction in electronic (internet\/mobile etc.) or paper environment,<\/li>\n<li>To fulfill the obligations undertaken in accordance with the distance sales contract and the contracts we have concluded under the relevant articles of the Law on Consumer Protection,<\/li>\n<li>To be able to provide information to public officials on matters related to public security upon request and in accordance with the legislation,<\/li>\n<li>To provide our customers with a better shopping experience, to inform our customers about our products that our customers may be interested in &#8220;taking into account the interests of our customers&#8221;, and to convey campaigns,<\/li>\n<li>To increase customer satisfaction, to recognize our customers who shop from the website and\/or mobile applications and to use them in customer environment analysis, to use them in various marketing and advertising activities and to organize surveys in electronic and\/or physical environment through contracted organizations in this context,<\/li>\n<li>To be able to offer suggestions to our customers by our contracted institutions and solution partners and to inform our customers about our services,<\/li>\n<li>To evaluate customer complaints and suggestions regarding our services,<\/li>\n<li>To fulfill our legal obligations and to exercise our rights arising from the legislation in force.<\/li>\n<\/ul>\n<p>The data provided by our customers who make transactions on this website are processed by AC Havaland\u0131rma in accordance with the consent of our customers and the provisions of the legislation.<\/p>\n<p>In what follows, you can think of the name AC Ventilation only, substituting Netes in other parts of the text.<\/p>\n<p>In order to provide better service to the visitors of this Website and within the framework of its legal obligation, this Website will collect, process, share with third parties and securely store your browsing information, provided that it is not used outside the purposes and scope specified in this Statement on the Protection of Personal Data. Our customers who shop with credit card on our website, by using <strong>AKBANK VIRTUAL POS<\/strong>; are deemed to have consented to share their personal data with <strong>AKBANK<\/strong> and to be processed by <strong>AKBANK<\/strong>. In this respect, <b>https:\/\/www.akbank.com\/tr-tr\/genel\/Sayfalar\/aydinlatma-metni-ve-gizlilik-politikasi.aspx<\/b>&nbsp;page should be read and examined before shopping with credit card.  <\/p>\n<p>This Website stores information collected through log files, empty gif files and\/or third party sources in order to create a summary of your preferences. This Website may track your browsing information and\/or usage history on the Website in order to provide you with customized promotions, promotions and marketing offers, to improve the content of the Website for you and\/or to determine your preferences. <\/p>\n<p>This Web site may match information collected from you on the site through different methods or at different times, such as information collected online and offline, and may use this information in combination with information from other sources, such as third parties.<\/p>\n<p>Persons or organizations to whom your processed personal data may be transferred for the above-mentioned purposes<br \/>Your personal data may be transferred to persons or organizations (Judicial and administrative authorities, other official institutions and organizations and persons), including but not limited to, our indirect\/direct domestic\/foreign subsidiaries or affiliates, domestic\/foreign\/international, public\/private institutions and organizations, companies and other 3rd parties or organizations that <strong>AC Havaland\u0131rma<\/strong> receives service\/support\/consultancy or cooperates or is a project\/program\/financing partner. It may be transferred to persons or organizations. <\/p>\n<p>The method and legal reason for collecting personal data<\/p>\n<p>Personal data shared with <strong>AC Havaland\u0131rma<\/strong> is under the supervision and control <strong>of AC Havaland\u0131rma<\/strong>. <strong>AC Havaland\u0131rma<\/strong> has assumed the responsibility as the data controller to establish the necessary organization and take and adapt technical measures to protect the confidentiality and integrity of the information in accordance with the provisions of the relevant legislation in force. Being aware of our obligation in this regard, we periodically conduct penetration tests in accordance with international and national technical standards on data confidentiality and we would like to inform you that we always update our data processing policies in this context. <\/p>\n<p>Our website may contain links or references to other websites that are not under the control of <strong>AC Ventilation<\/strong>. These links may <strong><a rel=\"noopener\" target=\"_new\" href=\"http:\/\/www.ac-havalandirma.com\">www.ac-havalandirma.com<\/a><\/strong> does not mean that we have any connection with these sites. <strong>AC Havaland\u0131rma<\/strong> is not responsible for the content of these websites or other links they contain. These other websites may install their own cookies on users&#8217; computers and collect information. Other websites have their own privacy and usage agreements and may use the information shared by users for different purposes. <strong>AC Ventilation<\/strong> recommends that users read the agreements before using other websites. These sites may also collect and process your personal information. In such cases; <strong>AC Ventilation<\/strong> is not responsible for the acquisition and processing of your personal data by websites other than its own. For this purpose, you are required to read the privacy and personal data protection pages of the relevant websites.      <\/p>\n<p>For the legal reasons explained above, your personal data may be collected verbally, in writing or electronically through <strong>AC Havaland\u0131rma<\/strong>&#8216;s Head Office Units, Branches, internet branch and all other similar channels through automatic or non-automatic means.<\/p>\n<p>Without prejudice to the cases stipulated in Article 28 of the KVKK titled &#8220;Exceptions&#8221;, the rights under Article 11 of the said Law:<\/p>\n<p>Your personal data in accordance with KVKK;<\/p>\n<ul>\n<li>Find out if it is being processed,<\/li>\n<li>Do not request information if processed,<\/li>\n<li>Learn the purpose of processing and whether it is used for its intended purpose,<\/li>\n<li>Knowing the third parties to whom it is transferred at home\/abroad, <\/li>\n<li>Request correction if incomplete\/incorrectly processed,<\/li>\n<li>To request deletion\/destruction within the framework of the conditions stipulated in Article 7 of KVKK,<\/li>\n<li>To request notification of the transactions carried out in accordance with paragraphs (d) and (e) above to the third parties to whom it is transferred,   <\/li>\n<li>Object to the occurrence of a result to your detriment due to analysis exclusively by automated systems,<\/li>\n<li>We would like to remind you that you have the right to demand the compensation of the damage in case you suffer damage due to processing in violation of KVKK.<\/li>\n<\/ul>\n<p>We remind you that you have the right and authorization to obtain this information about your personal data by applying to <strong>AC Havaland\u0131rma<\/strong>. In order to fulfill these requests, we reserve the right to request the expenses to be incurred by <strong>AC Havaland\u0131rma<\/strong> according to the tariff specified in Article 13 of the KVKK titled &#8220;Application to the data controller&#8221;. <\/p>\n\t\t\t\t\t\t<\/div>\n\t\t\t\t<\/div>\n\t\t\t\t\t<\/div>\n\t\t\t\t<\/div>\n\t\t\t\t<\/div>\n\t\t","protected":false},"excerpt":{"rendered":"<p>Protection of Personal Data (Clarification Text) Personal Data Protection Law Information Form: AC Havaland\u0131rma ve \u0130klimlendirme Sistemleri A.\u015e. (&#8220;AC Havaland\u0131rma&#8221;) has provided below basic information on the protection of transferred personal data. AC Havaland\u0131rma presents the following explanations in order to fulfill its obligation to enlighten arising from Article 10 of the Law No. 6698 [&hellip;]<\/p>\n","protected":false},"author":1,"featured_media":0,"parent":0,"menu_order":0,"comment_status":"closed","ping_status":"closed","template":"","meta":{"footnotes":""},"class_list":["post-4913","page","type-page","status-publish","hentry"],"_links":{"self":[{"href":"https:\/\/achavalandirma.com\/en\/wp-json\/wp\/v2\/pages\/4913","targetHints":{"allow":["GET"]}}],"collection":[{"href":"https:\/\/achavalandirma.com\/en\/wp-json\/wp\/v2\/pages"}],"about":[{"href":"https:\/\/achavalandirma.com\/en\/wp-json\/wp\/v2\/types\/page"}],"author":[{"embeddable":true,"href":"https:\/\/achavalandirma.com\/en\/wp-json\/wp\/v2\/users\/1"}],"replies":[{"embeddable":true,"href":"https:\/\/achavalandirma.com\/en\/wp-json\/wp\/v2\/comments?post=4913"}],"version-history":[{"count":3,"href":"https:\/\/achavalandirma.com\/en\/wp-json\/wp\/v2\/pages\/4913\/revisions"}],"predecessor-version":[{"id":5142,"href":"https:\/\/achavalandirma.com\/en\/wp-json\/wp\/v2\/pages\/4913\/revisions\/5142"}],"wp:attachment":[{"href":"https:\/\/achavalandirma.com\/en\/wp-json\/wp\/v2\/media?parent=4913"}],"curies":[{"name":"wp","href":"https:\/\/api.w.org\/{rel}","templated":true}]}}